{"id":52,"date":"2026-01-08T06:42:29","date_gmt":"2026-01-08T06:42:29","guid":{"rendered":"http:\/\/mondelezpromo.com\/the-tastiest-oreo-lv\/?page_id=52"},"modified":"2026-01-20T12:32:34","modified_gmt":"2026-01-20T12:32:34","slug":"homepage-lv","status":"publish","type":"page","link":"https:\/\/mondelezpromo.com\/the-tastiest-oreo-lv\/","title":{"rendered":"Homepage LV"},"content":{"rendered":"\n<p>1.  <strong>Loterijas pre\u010du izplat\u012bt\u0101js: <\/strong>UAB \u201eMondelez Baltic\u201d, re\u0123istr\u0101cijas Nr. 303046543, juridisk\u0101 adrese: Taikos iela 88, Kau\u0146a, Lietuva, LT51501, turpm\u0101k \u2013 Izplat\u012bt\u0101js.<\/p>\n\n\n\n<p>2. <strong>Loterijas r\u012bkot\u0101js: <\/strong>SIA \u201eMagnet Promotions\u201d, re\u0123istr\u0101cijas Nr. 40003639069, juridisk\u0101 adrese: Stopi\u0146u 29, R\u012bga, LV-1035, turpm\u0101k \u2013 Loterijas r\u012bkot\u0101js.<\/p>\n\n\n\n<p>3.<strong> Loterijas norises teritorija:<\/strong> jebkura tirdzniec\u012bbas vieta vis\u0101 Latvijas Republikas teritorij\u0101. Loterij\u0101 var piedal\u012bties ikviens Latvijas Republikas iedz\u012bvot\u0101js.<\/p>\n\n\n\n<p>4. <strong>Loterijas prece:<\/strong> jebkur\u0161 sarakst\u0101 iek\u013cauts <em>OREO <\/em>produkts, ko var ieg\u0101d\u0101ties tirdzniec\u012bbas viet\u0101s vis\u0101 Latvijas teritorij\u0101.<\/p>\n\n\n\n<figure class=\"wp-block-table\"><table class=\"has-fixed-layout\"><tbody><tr><td><strong>Nr.<\/strong><\/td><td><strong>SV\u012aTRKODS<\/strong><\/td><td><strong>PRODUKTA NOSAUKUMS<\/strong><\/td><\/tr><tr><td>1)<\/td><td>7622210411679<\/td><td>Oreo Vanilla 44 g<\/td><\/tr><tr><td>2)<\/td><td>7622201783761<\/td><td>Oreo Golden 44 g<\/td><\/tr><tr><td>3)<\/td><td>7622300444181<\/td><td>Oreo Vanilla 176 g<\/td><\/tr><tr><td>4)<\/td><td>7622202331381<\/td><td>Oreo Vanilla 154 g<\/td><\/tr><tr><td>5)<\/td><td>7622202249402<\/td><td>Oreo Vanilla Mini 4&#215;40 g<\/td><\/tr><tr><td>6)<\/td><td>7622210755506<\/td><td>Oreo Golden 176 g<\/td><\/tr><tr><td>7)<\/td><td>7622202330810<\/td><td>Oreo Golden 154 g<\/td><\/tr><tr><td>8)<\/td><td>7622201391270<\/td><td>Oreo Remix Vanilla&amp;Tiramisu 157 g LED<\/td><\/tr><tr><td>9)<\/td><td>7622210835338<\/td><td>Oreo Brownie 176 g<\/td><\/tr><tr><td>10)<\/td><td>7622210781727<\/td><td>Oreo Brownie 154 g<\/td><\/tr><tr><td>11)<\/td><td>7622210137234<\/td><td>Oreo Double Stuff Pocket 170 g<\/td><\/tr><tr><td>12)<\/td><td>7622210137258<\/td><td>Oreo Double Stuff Pocket 157 g<\/td><\/tr><tr><td>13)<\/td><td>7622300489434<\/td><td>Oreo Enrobed Choco 246 g<\/td><\/tr><tr><td>14)<\/td><td>7622300489434<\/td><td>Oreo Enrobed Choco Winter 246 g<\/td><\/tr><tr><td>15)<\/td><td>7622300489427<\/td><td>Oreo Enrobed White 246 g<\/td><\/tr><tr><td>16)<\/td><td>7622300489427<\/td><td>Oreo Enrobed White Winter 246 g<\/td><\/tr><tr><td>17)<\/td><td>7622210021502<\/td><td>Oreo Vanilla 220 g<\/td><\/tr><tr><td>18)<\/td><td>7622210625243<\/td><td>Oreo Golden 10&#215;22 g<\/td><\/tr><tr><td>19)<\/td><td>7622210665850<\/td><td>Oreo Vanilla 264 g<\/td><\/tr><tr><td>20)<\/td><td>7622202308727<\/td><td>Oreo Gingerbread 154 g<\/td><\/tr><\/tbody><\/table><\/figure>\n\n\n\n<p>5. <strong>Loterijas norises laiks<\/strong>:<br>5.1. Loterijas s\u0101kums: 2026. gada 2. febru\u0101ris. Loterijas beigas: 2026. gada 16. marts.<br>5.2. Loterijas re\u0123istr\u0101cijas periods: no 2026. gada 2. febru\u0101ra l\u012bdz 2026. gada 15. martam.<\/p>\n\n\n\n<p>6. <strong>Balvu fonds:<\/strong><\/p>\n\n\n\n<figure class=\"wp-block-table\"><table class=\"has-fixed-layout\"><tbody><tr><td>Balva<\/td><td class=\"has-text-align-center\" data-align=\"center\">Skaits<\/td><td class=\"has-text-align-center\" data-align=\"center\">1 balvas v\u0113rt\u012bba (EUR)<\/td><td class=\"has-text-align-center\" data-align=\"center\">Kop\u0113j\u0101 balvu v\u0113rt\u012bba (EUR)<\/td><\/tr><tr><td>P\u0113c pas\u016bt\u012bjuma izgatavotas Oreo z\u012bmola mugursomas.<\/td><td class=\"has-text-align-center\" data-align=\"center\">150<\/td><td class=\"has-text-align-center\" data-align=\"center\">4.97<\/td><td class=\"has-text-align-center\" data-align=\"center\">745.50<\/td><\/tr><tr><td>AirPods 4 austi\u0146as<\/td><td class=\"has-text-align-center\" data-align=\"center\">10<\/td><td class=\"has-text-align-center\" data-align=\"center\">119<\/td><td class=\"has-text-align-center\" data-align=\"center\">1&nbsp;190.00<\/td><\/tr><tr><td>iPhone 17 256 GB telefoni<\/td><td class=\"has-text-align-center\" data-align=\"center\">3<\/td><td class=\"has-text-align-center\" data-align=\"center\">989<\/td><td class=\"has-text-align-center\" data-align=\"center\">2&nbsp;967.00<\/td><\/tr><tr><td colspan=\"3\">Balvu fonda kop\u0113j\u0101 v\u0113rt\u012bba (EUR, ar PVN):<\/td><td class=\"has-text-align-center\" data-align=\"center\">4902.50<\/td><\/tr><\/tbody><\/table><\/figure>\n\n\n\n<p><br>7. Loterijas pre\u010du skaits, kuru ieg\u0101de dod iesp\u0113ju piedal\u012bties Loterij\u0101, nav ierobe\u017eots.<br>7.1. Loterijas preces var b\u016bt pieejamas tirdzniec\u012bb\u0101 ar\u012b pirms vai p\u0113c 5. punkt\u0101 nor\u0101d\u012bt\u0101 laikposma, ta\u010du to ieg\u0101de nedod ties\u012bbas piedal\u012bties Loterij\u0101.<br>7.2. Tiek prognoz\u0113ts, ka Loterij\u0101 piedal\u012bsies 10 000 (desmit t\u016bksto\u0161i) dal\u012bbnieku. Varb\u016bt\u012bba laim\u0113t balvu ir 163 (viens simts se\u0161desmit tr\u012bs) pret 10 000 (desmit t\u016bksto\u0161i).<\/p>\n\n\n\n<p><br>8. Lai piedal\u012btos Loterij\u0101 un pretend\u0113tu uz Balvu, laika posm\u0101 no 2026. gada 2. febru\u0101ra l\u012bdz 2026. gada 15. martam <strong>j\u0101ieg\u0101d\u0101jas vismaz 1 (viena) Loterijas prece<\/strong> jebkur\u0101 tirdzniec\u012bbas viet\u0101 vis\u0101 Latvijas Republikas teritorij\u0101, <strong>j\u0101saglab\u0101 pirkumu apliecino\u0161s dokuments<\/strong> un j\u0101re\u0123istr\u0113jas Loterij\u0101:<\/p>\n\n\n\n<ul class=\"wp-block-list\">\n<li>Aizpildot re\u0123istr\u0101cijas veidlapu t\u012bmek\u013ca vietn\u0113 <a href=\"https:\/\/www.mondelezpromo.com\/lv\/\"><strong>https:\/\/www.mondelezpromo.com\/lv\/<\/strong><\/a><strong>.<\/strong> Anket\u0101 j\u0101nor\u0101da v\u0101rds, uzv\u0101rds, pirkuma dokumenta numurs, Dal\u012bbnieka t\u0101lru\u0146a numurs, e-pasta adrese un pils\u0113ta, kur\u0101 veikts pirkums. Re\u0123istr\u0101cija ir bez maksas.<\/li>\n\n\n\n<li>Loterijas norises laik\u0101 Loterijas r\u012bkot\u0101js apkopo un apstr\u0101d\u0101 Pre\u010du un pakalpojumu loteriju likum\u0101 paredz\u0113tos personas datus \u2013 v\u0101rdu un uzv\u0101rdu. Dati tiek izmantoti Loterijas uzvar\u0113t\u0101ja identific\u0113\u0161anai un pazi\u0146o\u0161anai. Saska\u0146\u0101 ar Pre\u010du un pakalpojumu loteriju organiz\u0113\u0161anas uzraudz\u012bbas un kontroles k\u0101rt\u012bbas 5. punktu Loterijas re\u0123istr\u0101cijas datus Loterijas r\u012bkot\u0101js glab\u0101 5 gadus.<\/li>\n\n\n\n<li>Lai nodro\u0161in\u0101tu p\u0113c iesp\u0113jas prec\u012bz\u0101ku Loterijas re\u0123istr\u0101ciju un izvair\u012btos no iesp\u0113jamas datu dubl\u0113\u0161an\u0101s, k\u0101 ar\u012b lai prec\u012bzi noteiktu Loterijas uzvar\u0113t\u0101ju, p\u0101rbaud\u012btu dal\u012bbu Loterij\u0101 un inform\u0113tu par laimestu, Loterijas r\u012bkot\u0101js l\u016bdz nor\u0101d\u012bt Dal\u012bbnieka t\u0101lru\u0146a numuru un pirkuma dokumenta numuru.<\/li>\n\n\n\n<li>Ja Dal\u012bbnieks vair\u0101kas reizes izpilda Loterijas nosac\u012bjumus, vi\u0146\u0161 var re\u0123istr\u0113ties Loterijai vair\u0101kas reizes.<\/li>\n\n\n\n<li>Viens pirkuma dokuments var laim\u0113t tikai vienu Balvu.<\/li>\n\n\n\n<li> Viens t\u0101lru\u0146a numurs un viens v\u0101rds\/uzv\u0101rds var laim\u0113t tikai vienu reizi.<\/li>\n<\/ul>\n\n\n\n<p><br>9. Loterij\u0101 paredz\u0113tas 5 izlozes:<br><a><\/a><a><\/a> <strong>9.febru\u0101r\u012b<\/strong> izlozes k\u0101rt\u012bb\u0101 tiks izloz\u0113tas 30 (tr\u012bsdesmit) mugursomas un 2 (divas) AirPods4 austi\u0146as izloz\u0113 var piedal\u012bties personas, kuras savu pirkumu ir re\u0123istr\u0113ju\u0161as laika posm\u0101<\/p>\n\n\n\n<p><strong>no 2026. gada 2.febru\u0101ra l\u012bdz 8.febru\u0101rim plkst. 23.59;<\/strong><\/p>\n\n\n\n<p><strong>16. febru\u0101r\u012b<\/strong> izlozes k\u0101rt\u012bb\u0101 tiks izloz\u0113tas 30 (tr\u012bsdesmit) mugursomas un 2 (divas) AirPods4 austi\u0146as izloz\u0113 var piedal\u012bties personas, kuras savu pirkumu ir re\u0123istr\u0113ju\u0161as laika posm\u0101<\/p>\n\n\n\n<p><strong>no 2026. gada<\/strong> <strong>9.febru\u0101ra l\u012bdz 15.febru\u0101rim plkst. 23.59;<\/strong><\/p>\n\n\n\n<p><strong>23.febru\u0101r\u012b<\/strong> izlozes k\u0101rt\u012bb\u0101 tiks izloz\u0113tas 30 (tr\u012bsdesmit) mugursomas un 2 (divas) AirPods4 austi\u0146as izloz\u0113 var piedal\u012bties personas, kuras savu pirkumu ir re\u0123istr\u0113ju\u0161as laika posm\u0101<\/p>\n\n\n\n<p><strong>no 2026. gada<\/strong> <strong>16.febru\u0101ra l\u012bdz 22.febru\u0101rim plkst. 23.59;<\/strong><\/p>\n\n\n\n<p><strong>2.mart\u0101<\/strong> izlozes k\u0101rt\u012bb\u0101 tiks izloz\u0113tas 30 (tr\u012bsdesmit) mugursomas un 2 (divas) AirPods4 austi\u0146as izloz\u0113 var piedal\u012bties personas, kuras savu pirkumu ir re\u0123istr\u0113ju\u0161as laika posm\u0101<\/p>\n\n\n\n<p><strong>no 2026. gada 23.febru\u0101ra l\u012bdz 1.martam plkst. 23.59;<\/strong><\/p>\n\n\n\n<p><strong>9.mart\u0101<\/strong> izlozes k\u0101rt\u012bb\u0101 tiks izloz\u0113tas 30 (tr\u012bsdesmit) mugursomas un 2 (divas) AirPods4 austi\u0146as izloz\u0113 var piedal\u012bties personas, kuras savu pirkumu ir re\u0123istr\u0113ju\u0161as laika posm\u0101<\/p>\n\n\n\n<p><strong>no 2026. gada 2.marta l\u012bdz 8.martam plkst. 23.59;<\/strong><\/p>\n\n\n\n<p><strong>16.mart\u0101<\/strong> izlozes k\u0101rt\u012bb\u0101 tiks izloz\u0113tas galven\u0101s balvas \u2013 3 (tr\u012bs) iPhone 17 256 GB telefoni, izloz\u0113 var piedal\u012bties personas, kuras savu pirkumu ir re\u0123istr\u0113ju\u0161as laika posm\u0101<\/p>\n\n\n\n<p> <strong>no 2026. gada 2. febru\u0101ra l\u012bdz 15. martam plkst. 23.59.<\/strong><br><br>10. Loterijas uzvar\u0113t\u0101ju saraksts tiks public\u0113ts <a href=\"https:\/\/www.mondelezpromo.com\/lv\/\"><strong>https:\/\/www.mondelezpromo.com\/lv\/<\/strong><\/a> p\u0113c katras izlozes l\u012bdz plkst. 23.59.<\/p>\n\n\n\n<p>11. Izlozes notiks plkst. 13.00 SIA Magnet Promotions telp\u0101s Salaspil\u012b, Miera iela 14-17 Izlozes tiks veiktas, izmantojot loterijas programmat\u016bru \u201ePremium\u201d.<br><br>12. Balvu laim\u0113t\u0101ji par laimestu tiks inform\u0113ti person\u012bgi, nos\u016btot pazi\u0146ojumu uz re\u0123istr\u0101cijas laik\u0101 nor\u0101d\u012bto e-pasta adresi.<br>12.1 Uzvar\u0113t\u0101jiem ir ties\u012bbas ar\u012b pa\u0161iem sazin\u0101ties ar Loterijas r\u012bkot\u0101ju SIA \u201eMagnet Promotions\u201d, rakstot uz e-pastu erika@magnet.lv l\u012bdz 2026. gada 1apr\u012blim. P\u0113c \u0161\u012b datuma Balvas vairs netiks izsniegtas un k\u013c\u016bs par Pre\u010du izplat\u012bt\u0101ja \u012bpa\u0161umu.<br>12.2. Laim\u0113jot Balvu \u2013 iPhone 17 telefonu \u2013, laim\u0113t\u0101jam ir ties\u012bbas izv\u0113l\u0113ties ier\u012bces kr\u0101su. Balva tiks pieg\u0101d\u0101ta ne v\u0113l\u0101k k\u0101 14 (\u010detrpadsmit) darba dienu laik\u0101 no ier\u012bces kr\u0101sas izv\u0113les apstiprin\u0101\u0161anas dienas. Laim\u0113jot citas Balvas (AirPods 4 austi\u0146as vai OREO z\u012bmola mugursomas), Balvas tiks pieg\u0101d\u0101tas ne v\u0113l\u0101k k\u0101 14 (\u010detrpadsmit) darba dienu laik\u0101 no dienas, kur\u0101 Dal\u012bbnieks ir pieteicies balvai.<br>12.3. Ierodoties sa\u0146emt laim\u0113to Galveno Balvu, laim\u0113t\u0101jam j\u0101uzr\u0101da pirkumu apliecino\u0161s dokuments ar numuru, re\u0123istr\u0113tu loterij\u0101, k\u0101 ar\u012b personu apliecino\u0161s dokuments (pase vai personas apliec\u012bba). Ned\u0113\u013cas Balvas var tikt nos\u016bt\u012btas pa pastu. T\u0101d\u0101 gad\u012bjum\u0101 laim\u0113t\u0101jam j\u0101nos\u016bta pirkumu apliecino\u0161s dokuments ar numuru, personu apliecino\u0161a dokumenta (pases vai personas apliec\u012bbas, aizkl\u0101jot sensit\u012bvo inform\u0101ciju) kopija, k\u0101 ar\u012b Omniva pakom\u0101ta adrese, uz kuru Balva j\u0101nos\u016bta.<br>12.4. Ja Balvas laim\u0113t\u0101js ir nepilngad\u012bgs, Balvu var sa\u0146emt vi\u0146a likumiskais p\u0101rst\u0101vis, uzr\u0101dot Balvas laim\u0113t\u0101ja un savu personu apliecino\u0161u dokumentu (pasi vai personas apliec\u012bbu, aizkl\u0101jot sensit\u012bvo inform\u0101ciju), pirkumu apliecino\u0161u dokumentu ar numuru, re\u0123istr\u0113tu loterij\u0101, k\u0101 ar\u012b Omniva pakom\u0101ta adresi.<br>12.5. Balvas (iz\u0146emot \u2013 iPhone 17 telefonus) uzvar\u0113t\u0101jiem tiek pieg\u0101d\u0101tas, izmantojot Omniva pakom\u0101tus Latvijas Republikas teritorij\u0101. Par pieg\u0101des adresi Loterijas R\u012bkot\u0101js un Dal\u012bbnieks vienojas savstarp\u0113ji, kas nerada papildu izmaksas ne Loterijas r\u012bkot\u0101jam, ne Dal\u012bbniekam.<br>12.6. Visus ar Balv\u0101m saist\u012btos nodok\u013cus (ja piem\u0113rojami) sedz Izplat\u012bt\u0101js vai Loterijas r\u012bkot\u0101js.<br>12.7. Balvas netiek main\u012btas pret naudu vai cit\u0101m liet\u0101m un\/vai prec\u0113m.<br>12.8. Pirkuma dokument\u0101 j\u0101b\u016bt redzamiem datiem, kas \u013cauj identific\u0113t Loterijas preces ieg\u0101di:<\/p>\n\n\n\n<ul class=\"wp-block-list\">\n<li><strong>Pirkuma dokumenta numuram<\/strong>, kam j\u0101sakr\u012bt ar Loterij\u0101 re\u0123istr\u0113to un laim\u0113ju\u0161o pirkuma dokumenta numuru;<\/li>\n\n\n\n<li><strong>Loterijas preces ieg\u0101des datumam<\/strong> laikposm\u0101no 2026. gada 2. febru\u0101ra l\u012bdz 2026. gada 15. martam;<\/li>\n\n\n\n<li><strong>Loterijas preces nosaukumam<\/strong>.<br><br><\/li>\n<\/ul>\n\n\n\n<p>12.9. <strong>Balva netiek izsniegta<\/strong>, ja Loterijas laim\u0113t\u0101js:<\/p>\n\n\n\n<ul class=\"wp-block-list\">\n<li>nevar uzr\u0101d\u012bt \u0161ajos Noteikumos nor\u0101d\u012btos personu apliecino\u0161os dokumentus vai ja \u0161ajos dokumentos nor\u0101d\u012bt\u0101 inform\u0101cija nesakr\u012bt ar Loterijas norises laik\u0101 veikto re\u0123istr\u0101ciju, uz kuras pamata Dal\u012bbnieks tika pazi\u0146ots par laim\u0113t\u0101ju;<\/li>\n\n\n\n<li>vienu un to pa\u0161u pirkuma dokumentu ir re\u0123istr\u0113jis vair\u0101kas reizes;<\/li>\n\n\n\n<li>pirkuma dokumenta numura viet\u0101 ir re\u0123istr\u0113jis jebkuru citu pirkuma dokument\u0101 nor\u0101d\u012btu numuru;<\/li>\n\n\n\n<li>no viena pirkuma dokumenta ir re\u0123istr\u0113jis vair\u0101kas skait\u013cu vai simbolu kombin\u0101cijas, t\u0101d\u0113j\u0101di m\u0113\u0123inot palielin\u0101t savas izredzes laim\u0113t;<\/li>\n\n\n\n<li>ir re\u0123istr\u0113jis viena un t\u0101 pa\u0161a pirkuma dokumenta numuru, aizst\u0101jot t\u0101 simbolus ar vizu\u0101li l\u012bdz\u012bgiem simboliem;<\/li>\n\n\n\n<li>ir papildin\u0101jis pirkuma dokumenta numuru ar papildu simboliem vai ir main\u012bjis simbolu kombin\u0101ciju.<br><br><\/li>\n<\/ul>\n\n\n\n<p>13. Visas pretenzijas saist\u012bb\u0101 ar Loteriju rakstiski j\u0101iesniedz Loterijas r\u012bkot\u0101jam \u2013 SIA Magnet Promotions, adrese Miera 14-17, Salaspils, LV-2169 l\u012bdz 2026. gada 1.apr\u012blim<br>Pretenzijas, kas iesniegtas p\u0113c \u0161\u012b datuma, nerada tiesiskas sekas.<\/p>\n\n\n\n<p>14. Loterijas r\u012bkot\u0101js izskata pretenziju un sniedz atbildi 14 (\u010detrpadsmit) kalend\u0101ro dienu laik\u0101 p\u0113c t\u0101s sa\u0146em\u0161anas. Ja Loterijas r\u012bkot\u0101js pretenziju atz\u012bst par pamatotu, sav\u0101 atbild\u0113 tas nor\u0101da pretenzijas apmierin\u0101\u0161anas k\u0101rt\u012bbu un termi\u0146u.<\/p>\n\n\n\n<p>15. Loterijas Dal\u012bbniekam ir ties\u012bbas ar rakstisku iesniegumu atsaukt savu dal\u012bbu Loterij\u0101, nor\u0101dot konkr\u0113t\u0101s Loterijas nosaukumu, at\u013caujas numuru un Loterijas norises laikposmu.<\/p>\n\n\n\n<p><strong>16. Nobeiguma noteikumi<\/strong><\/p>\n\n\n\n<p>16.1. Loterijas Dal\u012bbnieki piekr\u012bt, ka inform\u0101cija un personas dati tiek apstr\u0101d\u0101ti un glab\u0101ti saska\u0146\u0101 ar Latvijas Republikas un Eiropas Savien\u012bbas ties\u012bbu aktiem, kas regul\u0113 personas datu aizsardz\u012bbu.<br><br>16.2. Loterij\u0101 nedr\u012bkst piedal\u012bties SIA \u201eMondelez Latvija\u201d, UAB \u201eMondelez Baltic\u201d un \u201eMondelez International\u201d uz\u0146\u0113mumu darbinieki un SIA \u201eMagnet Promotions\u201d darbinieki. Ja tiek konstat\u0113ts, ka k\u0101ds no min\u0113to uz\u0146\u0113mumu darbiniekiem ir piedal\u012bjies Loterij\u0101, Balva vi\u0146am netiek izsniegta.<br><br>16.3. Piedaloties Loterij\u0101, Dal\u012bbnieki apliecina, ka ir iepazinu\u0161ies ar \u0161iem Noteikumiem un tiem piekr\u012bt, k\u0101 ar\u012b piekr\u012bt tam, ka Loterijas r\u012bkot\u0101js un t\u0101 pilnvarot\u0101s personas var apstr\u0101d\u0101t un izmantot Dal\u012bbnieku personas datus, lai noteiktu Balvas sa\u0146\u0113m\u0113ju, public\u0113tu inform\u0101ciju par laim\u0113t\u0101jiem t\u012bmek\u013ca vietn\u0113 <em>mondelezpromo.com <\/em>un izsniegtu Balvas. Personas datu apstr\u0101des m\u0113r\u0137is ir nodro\u0161in\u0101t Loterijas norisi, Loterijas balvu laim\u0113t\u0101ju noskaidro\u0161anu un Balvu izsnieg\u0161anu.<br><br>16.4. Loterijas r\u012bkot\u0101js nav atbild\u012bgs par jebk\u0101diem Dal\u012bbnieku person\u012bgajiem izdevumiem, kas saist\u012bti ar dal\u012bbu Loterij\u0101. Loterijas R\u012bkot\u0101js un Izplat\u012bt\u0101js nav atbild\u012bgi par jebk\u0101diem tie\u0161iem zaud\u0113jumiem vai izdevumiem, kas Dal\u012bbniekiem radu\u0161ies vai var\u0113tu rasties, sa\u0146emot vai izmantojot Balvu, iz\u0146emot gad\u012bjumus, kad \u0161\u0101di zaud\u0113jumi vai izdevumi radu\u0161ies Loterijas r\u012bkot\u0101ja vai Izplat\u012bt\u0101ja nodoma vai rupjas nolaid\u012bbas d\u0113\u013c. Ne Loterijas r\u012bkot\u0101js, ne Izplat\u012bt\u0101js nav atbild\u012bgi par jebk\u0101diem netie\u0161iem zaud\u0113jumiem, kas Dal\u012bbniekiem var rasties, piedaloties Loterij\u0101.<br><br>16.5. Loterijas r\u012bkot\u0101js neuz\u0146emas atbild\u012bbu par pieteikumiem vai ierakstiem, kas ir nozaud\u0113ti un\/vai neatg\u016bstami, boj\u0101ti vai aizkav\u0113ti, vai kurus nav iesp\u0113jams nos\u016bt\u012bt tehnisku probl\u0113mu vai citu no Loterijas r\u012bkot\u0101ja neatkar\u012bgu iemeslu d\u0113\u013c. Ne Loterijas R\u012bkot\u0101js, ne Izplat\u012bt\u0101js nav atbild\u012bgi par interneta savienojuma p\u0101rtraukumiem vai trauc\u0113jumiem, kas var liegt Dal\u012bbniekiem piedal\u012bties Loterij\u0101. Ja Loterija tiek izbeigta no Loterijas r\u012bkot\u0101ja vai Izplat\u012bt\u0101js neatkar\u012bgu iemeslu d\u0113\u013c (piem\u0113ram, nep\u0101rvaramas varas apst\u0101k\u013cu, dabas katastrofu vai citu neparedz\u0113tu notikumu d\u0113\u013c), ne Loterijas r\u012bkot\u0101js, ne Izplat\u012bt\u0101js nav atbild\u012bgi par jebk\u0101diem zaud\u0113jumiem, kas radu\u0161ies Dal\u012bbniekiem.<br><br>16.6. Loterijas R\u012bkot\u0101js\/Izplat\u012bt\u0101js nav atbild\u012bgs par pakalpojumu snieg\u0161anas p\u0101rtraukumiem tehnisku probl\u0113mu, sist\u0113mas vai programmat\u016bras k\u013c\u016bdu, kav\u0113jumu vai citu apst\u0101k\u013cu d\u0113\u013c, kas var ietekm\u0113t Dal\u012bbnieku iesp\u0113jas piedal\u012bties Loterij\u0101 vai izmantot t\u012bmek\u013ca vietni.<br><br>16.7. Loterijas Izplat\u012bt\u0101js\/R\u012bkot\u0101js nav atbild\u012bgs par Dal\u012bbnieku izsl\u0113g\u0161anu no Loterijas, k\u0101 ar\u012b par Balvas neizsnieg\u0161anu gad\u012bjumos, ja netiek iev\u0113roti \u0161ie Noteikumi, Dal\u012bbnieku sniegt\u0101 inform\u0101cija ir nepareiza vai neprec\u012bza, vai ja ar Loterijas laim\u0113t\u0101jiem nav iesp\u0113jams sazin\u0101ties no Loterijas R\u012bkot\u0101ja neatkar\u012bgu iemeslu d\u0113\u013c.<br><br>16.8. Loterijas r\u012bkot\u0101ja un Dal\u012bbnieku ties\u012bbas un pien\u0101kumi ir noteikti tikai \u0161ajos Loterijas Noteikumos. <strong>Rekl\u0101mas materi\u0101los sniegtajai inform\u0101cijai par Loteriju ir tikai informat\u012bvs raksturs.<\/strong><br><br>16.9. Loterijas norisi saska\u0146\u0101 ar sp\u0113k\u0101 eso\u0161ajiem Noteikumiem nosaka Loterijas r\u012bkot\u0101js, saska\u0146ojot tos ar Latvijas Republikas Izlo\u017eu un azartsp\u0113\u013cu uzraudz\u012bbas inspekciju. Noteikumu izpilde un iev\u0113ro\u0161ana ir oblig\u0101ta visiem Dal\u012bbniekiem.<br><br>17. Izlo\u017eu un azartsp\u0113\u013cu uzraudz\u012bbas inspekcijas apstiprin\u0101tie Loterijas Noteikumi ir pieejami t\u012bmek\u013ca vietn\u0113<br><a href=\"https:\/\/www.mondelezpromo.com\/lv\/\"><strong>https:\/\/www.mondelezpromo.com\/lv\/<\/strong><\/a><strong>.<\/strong><\/p>\n\n\n\n<p>____________________________<br>SIA Magnet Promotions<br>Valdes priek\u0161s\u0113d\u0113t\u0101ja<br>Erika Kokor\u0113vi\u010da<\/p>\n","protected":false},"excerpt":{"rendered":"<p>1. Loterijas pre\u010du izplat\u012bt\u0101js: UAB \u201eMondelez Baltic\u201d, re\u0123istr\u0101cijas Nr. 303046543, juridisk\u0101 adrese: Taikos iela 88, Kau\u0146a, Lietuva, LT51501, turpm\u0101k \u2013 Izplat\u012bt\u0101js. 2. Loterijas r\u012bkot\u0101js: SIA \u201eMagnet Promotions\u201d, re\u0123istr\u0101cijas Nr. 40003639069, juridisk\u0101 adrese: Stopi\u0146u 29, R\u012bga, LV-1035, turpm\u0101k \u2013 Loterijas r\u012bkot\u0101js. 3. Loterijas norises teritorija: jebkura tirdzniec\u012bbas vieta vis\u0101 Latvijas Republikas teritorij\u0101. Loterij\u0101 var piedal\u012bties ikviens [&hellip;]<\/p>\n","protected":false},"author":1,"featured_media":0,"parent":0,"menu_order":0,"comment_status":"closed","ping_status":"closed","template":"page-home.php","meta":{"_acf_changed":false,"footnotes":""},"class_list":["post-52","page","type-page","status-publish","hentry"],"acf":[],"_links":{"self":[{"href":"https:\/\/mondelezpromo.com\/the-tastiest-oreo-lv\/wp-json\/wp\/v2\/pages\/52","targetHints":{"allow":["GET"]}}],"collection":[{"href":"https:\/\/mondelezpromo.com\/the-tastiest-oreo-lv\/wp-json\/wp\/v2\/pages"}],"about":[{"href":"https:\/\/mondelezpromo.com\/the-tastiest-oreo-lv\/wp-json\/wp\/v2\/types\/page"}],"author":[{"embeddable":true,"href":"https:\/\/mondelezpromo.com\/the-tastiest-oreo-lv\/wp-json\/wp\/v2\/users\/1"}],"replies":[{"embeddable":true,"href":"https:\/\/mondelezpromo.com\/the-tastiest-oreo-lv\/wp-json\/wp\/v2\/comments?post=52"}],"version-history":[{"count":6,"href":"https:\/\/mondelezpromo.com\/the-tastiest-oreo-lv\/wp-json\/wp\/v2\/pages\/52\/revisions"}],"predecessor-version":[{"id":84,"href":"https:\/\/mondelezpromo.com\/the-tastiest-oreo-lv\/wp-json\/wp\/v2\/pages\/52\/revisions\/84"}],"wp:attachment":[{"href":"https:\/\/mondelezpromo.com\/the-tastiest-oreo-lv\/wp-json\/wp\/v2\/media?parent=52"}],"curies":[{"name":"wp","href":"https:\/\/api.w.org\/{rel}","templated":true}]}}