{"id":31,"date":"2024-10-09T13:25:29","date_gmt":"2024-10-09T13:25:29","guid":{"rendered":"http:\/\/loto7daysmatch.tautvydas.php81.hub.itsolutions.lt\/?page_id=31"},"modified":"2025-08-13T05:43:06","modified_gmt":"2025-08-13T05:43:06","slug":"homepage-lv","status":"publish","type":"page","link":"https:\/\/mondelezpromo.com\/milka-neighbours-lv\/","title":{"rendered":"Homepage LV"},"content":{"rendered":"\n<p><strong>1.<\/strong> <strong>Loterijas pre\u010du izplat\u012bt\u0101js: <\/strong>UAB \u201eMondelez Baltic\u201d, re\u0123istr\u0101cijas Nr. 303046543, juridisk\u0101 adrese: Taikos iela 88, Kau\u0146a, Lietuva, LT51501, turpm\u0101k \u2013 Izplat\u012bt\u0101js,<\/p>\n\n\n\n<p><strong>2. Loterijas organiz\u0113t\u0101js: <\/strong>SIA \u201eMagnet Promotions\u201d, re\u0123istr\u0101cijas Nr. 40003639069, juridisk\u0101 adrese: Stopi\u0146u iela 29, R\u012bga LV-1035, turpm\u0101k \u2013 Loterijas r\u012bkot\u0101js.<\/p>\n\n\n\n<p><strong>3. Loterijas norises teritorija:<\/strong> jebkura tirdzniec\u012bbas vieta vis\u0101 Latvijas Republikas teritorij\u0101. Loterij\u0101 var piedal\u012bties ikviens Latvijas Republikas iedz\u012bvot\u0101js.<\/p>\n\n\n\n<p><strong>4. Loterijas prece:<\/strong> jebkuri 2 (divi) da\u017e\u0101di sarakst\u0101 iek\u013cauti <em>MILKA <\/em>produkti, kurus var ieg\u0101d\u0101ties tirdzniec\u012bbas viet\u0101s vis\u0101 Latvijas teritorij\u0101.<\/p>\n\n\n\n<figure class=\"wp-block-table\"><table class=\"has-fixed-layout\"><tbody><tr><th><strong><strong>SV\u012aTRKODS<\/strong><\/strong><\/th><th><strong><strong>PRECES NOSAUKUMS<\/strong><\/strong><\/th><\/tr><tr><td>7622202323461<\/td><td>Milka Alpine Milk 45g<\/td><\/tr><tr><td>7622202320057<\/td><td>Milka Broken Hazelnut 45g<\/td><\/tr><tr><td>7622200003938<\/td><td>Milka Milkinis 87.5g<\/td><\/tr><tr><td>7622202013188<\/td><td>Milka Hazelnut Creme 85g<\/td><\/tr><tr><td>4025700001450<\/td><td>Milka Youghurt 100g<\/td><\/tr><tr><td>7622202262524<\/td><td>Milka Happy Cows 90g<\/td><\/tr><tr><td>7622202262463<\/td><td>Milka Alpine Milk 90g<\/td><\/tr><tr><td>7622202266003<\/td><td>Milka White 90g<\/td><\/tr><tr><td>5998711723491<\/td><td>Milka Toffee 100g<\/td><\/tr><tr><td>7622300719654<\/td><td>Milka Caramel 100g<\/td><\/tr><tr><td>7622201640897<\/td><td>Milka Chocolate Dessert 100g<\/td><\/tr><tr><td>7622210078131<\/td><td>Milka Daim 100g<\/td><\/tr><tr><td>7622202305221<\/td><td>Milka BISCOFF 90G<\/td><\/tr><tr><td>7622202206283<\/td><td>Milka Bubbly Coconut 97g<\/td><\/tr><tr><td>7622202206245<\/td><td>Milka Bubbly Cappucino 97g<\/td><\/tr><tr><td>7622201637989<\/td><td>Milka Oreo SW Strawb 92g<\/td><\/tr><tr><td>7622210369444<\/td><td>Milka Bubbly Milk 90g<\/td><\/tr><tr><td>7622210369543<\/td><td>Milka Bubbly White 95g<\/td><\/tr><tr><td>7622202262678<\/td><td>Milka Wholenut 95g<\/td><\/tr><tr><td>7622202262449<\/td><td>Milka Broken Hazelnut 90g<\/td><\/tr><tr><td>7622210442086<\/td><td>Milka Chips Ahoy 100g<\/td><\/tr><tr><td>7622210078100<\/td><td>Milka Oreo cookies 100g<\/td><\/tr><tr><td>7622200007332<\/td><td>Milka Strawberry 100g<\/td><\/tr><tr><td>7622201121068<\/td><td>Milka White Oreo cookies 100g<\/td><\/tr><tr><td>7622210826053<\/td><td>Milka Sandwich Oreo 92g<\/td><\/tr><tr><td>7622202253157<\/td><td>Milka Tender Winter 90g<\/td><\/tr><tr><td>7622202210327<\/td><td>Milka Sweet Easter 90g<\/td><\/tr><tr><td>7622210217196<\/td><td>Milka 250g Bubbly Caramel<\/td><\/tr><tr><td>7622300465674<\/td><td>Milka 250G Whole Nuts<\/td><\/tr><tr><td>7622300200237<\/td><td>Milka 250G Alpen Milk<\/td><\/tr><tr><td>7622210248671<\/td><td>Milka 250g Choco Jelly<\/td><\/tr><tr><td>7622210703521<\/td><td>Milka 280g Triolade<\/td><\/tr><tr><td>7622400904608<\/td><td>Milka 300g Crispy Yoghurt<\/td><\/tr><tr><td>7622300313357<\/td><td>Milka 300G Toffee Whole Nuts<\/td><\/tr><tr><td>7622210240200<\/td><td>Milka 300g Oreo<\/td><\/tr><tr><td>7622210604187<\/td><td>Milka 276g Peanut caramel<\/td><\/tr><tr><td>7622201677855<\/td><td>Milka 270g Nutty Wafer<\/td><\/tr><tr><td>7622210683168<\/td><td>Milka 300g Strawberry Cheesecake<\/td><\/tr><tr><td>7622201386160<\/td><td>Milka 300G Gingerbread LED<\/td><\/tr><tr><td>7622210717238<\/td><td>Milka Oreo 37g<\/td><\/tr><tr><td>7622210597335<\/td><td>I Love Milka 110g Hazelnut<\/td><\/tr><tr><td>7622210711472<\/td><td>Milka Mix Single 138g<\/td><\/tr><tr><td>7622201390303<\/td><td>Milka Favourites 95g<\/td><\/tr><tr><td>7622201386047<\/td><td>Milka Favourites 158g<\/td><\/tr><tr><td>7622210283276<\/td><td>Milka MAM Vanilla 330g<\/td><\/tr><tr><td>7622202295621<\/td><td>Milka MAM Vanilla 330g<\/td><\/tr><tr><td>7622210283245<\/td><td>Milka MAM Happy Cows 330g<\/td><\/tr><tr><td>7622202295669<\/td><td>Milka MAM Happy Cows 330g<\/td><\/tr><tr><td>7622201495572<\/td><td>Milka Hazelnut Spread 350g<\/td><\/tr><tr><td>7622201513764<\/td><td>Milka Brookie 132g<\/td><\/tr><tr><td>7622210669315<\/td><td>Milka Choco Brownie 150g<\/td><\/tr><tr><td>7622201492878<\/td><td>Milka Cookie Loop 132g<\/td><\/tr><tr><td>7622210998781<\/td><td>Milka Cookie Sensations 156g<\/td><\/tr><tr><td>7622300784751<\/td><td>Milka Cake &amp; Choco 175g<\/td><\/tr><tr><td>7622210413147<\/td><td>Milka Choc &amp; Choc 150g<\/td><\/tr><tr><td>7622210591005<\/td><td>Milka Tender Moo 140g<\/td><\/tr><tr><td>7622210100917<\/td><td>Milka Choco Pause 260g<\/td><\/tr><tr><td>7622300434328<\/td><td>Milka Jaffa Orange 147g<\/td><\/tr><tr><td>7622300434373<\/td><td>Milka Jaffa Raspberry 147g<\/td><\/tr><tr><td>7622300766610<\/td><td>Milka Choco Cookies 135g<\/td><\/tr><tr><td>7622300441715<\/td><td>Milka Choco Minis 150g<\/td><\/tr><tr><td>7622210406354<\/td><td>Milka Choco Stix 112g<\/td><\/tr><tr><td>7622210403919<\/td><td>Milka Choco Grain 126g<\/td><\/tr><\/tbody><\/table><\/figure>\n\n\n\n<p><strong>5. Loterijas norises laiks:<\/strong><\/p>\n\n\n\n<p>5.1. Loterijas s\u0101kums: 2025. gada 1. septembris. Loterijas beigas: 2025. gada 13. oktobris.<\/p>\n\n\n\n<p>5.2. Loterijas re\u0123istr\u0101cijas periods: no 2025. gada 1. septembra l\u012bdz 2025. gada 12. oktobrim.<\/p>\n\n\n\n<p><strong>6. Balvu fonds:<\/strong><\/p>\n\n\n\n<figure class=\"wp-block-table\"><table class=\"has-fixed-layout\"><tbody><tr><td class=\"has-text-align-right\" data-align=\"right\">Balva<\/td><td class=\"has-text-align-center\" data-align=\"center\">Skaits<\/td><td class=\"has-text-align-center\" data-align=\"center\">1 balvas v\u0113rt\u012bba (EUR)<\/td><td class=\"has-text-align-center\" data-align=\"center\">Kop\u0113j\u0101 balvu v\u0113rt\u012bba (EUR)<\/td><\/tr><tr><td class=\"has-text-align-right\" data-align=\"right\">6 (se\u0161i) p\u0101ri DELONGHI ECAM350.55 kafijas apar\u0101tu.B, katras vien\u012bbas v\u0113rt\u012bba ir 519,99 EUR.<br><br>Katrs no 6 (se\u0161iem) laim\u0113t\u0101jiem sa\u0146ems 2 (divas) nor\u0101d\u012bto kafijas apar\u0101tu vien\u012bbas, t\u0101tad pavisam 6 (se\u0161iem) uzvar\u0113t\u0101jiem tiks d\u0101vin\u0101ti 12 (divpadsmit) kafijas apar\u0101ti<br><\/td><td class=\"has-text-align-center\" data-align=\"center\">6<\/td><td class=\"has-text-align-center\" data-align=\"center\">519,99<\/td><td class=\"has-text-align-center\" data-align=\"center\">3119,94<\/td><\/tr><tr><td class=\"has-text-align-right\" data-align=\"right\" colspan=\"3\">Kop\u0113j\u0101 balvu fonda v\u0113rt\u012bba EUR ar PVN:<\/td><td class=\"has-text-align-center\" data-align=\"center\">3119,94<\/td><\/tr><\/tbody><\/table><\/figure>\n\n\n\n<p>7. Loterijas pre\u010du skaits, ko var ieg\u0101d\u0101ties, lai piedal\u012btos Loterij\u0101, nav ierobe\u017eots.<\/p>\n\n\n\n<p>7.1. Loterijas preces var b\u016bt pieejamas p\u0101rdo\u0161an\u0101 l\u012bdz 5. punkt\u0101 nor\u0101d\u012btajam termi\u0146am vai p\u0113c t\u0101, ta\u010du to ieg\u0101de nedod jums ties\u012bbas piedal\u012bties Loterij\u0101.<\/p>\n\n\n\n<p>7.2. Tiek prognoz\u0113ts, ka Loterij\u0101 piedal\u012bsies 5000 (pieci t\u016bksto\u0161i) dal\u012bbnieku. Varb\u016bt\u012bba laim\u0113t balvu ir 6 (se\u0161i) pret 5000 (pieci t\u016bksto\u0161i).<\/p>\n\n\n\n<p>8. Lai piedal\u012btos Loterij\u0101 un pretend\u0113tu uz balvu, no 2025. gada 1. septembra l\u012bdz 2025. gada 12.\u00a0oktobrim <strong>j\u0101ieg\u0101d\u0101jas vismaz 2 (divas) da\u017e\u0101das Loterijas preces<\/strong> jebkur\u0101 tirdzniec\u012bbas viet\u0101 vis\u0101 Latvijas Republikas teritorij\u0101, <strong>j\u0101saglab\u0101 pirkumu apliecino\u0161s dokuments<\/strong> un j\u0101re\u0123istr\u0113jas Loterij\u0101:<\/p>\n\n\n\n<ul class=\"wp-block-list\">\n<li>Aizpildot re\u0123istr\u0101cijas veidlapu interneta vietn\u0113 <strong>https:\/\/www.mondelezpromo.com\/lv\/<\/strong>. Anket\u0101 j\u0101nor\u0101da dal\u012bbnieka v\u0101rds, uzv\u0101rds, pirkuma dokumenta numurs, dal\u012bbnieka t\u0101lru\u0146a numurs, e-pasta adrese un pils\u0113ta, kur\u0101 prece ieg\u0101d\u0101ta. Re\u0123istr\u0101cija ir bez maksas.<\/li>\n\n\n\n<li>Lai piedal\u012btos loterij\u0101, nepiecie\u0161ams aizpild\u012bt \u0161\u0101dus lauci\u0146us: v\u0101rds, uzv\u0101rds, pirkuma dokumenta numurs un dal\u012bbnieka t\u0101lru\u0146a numurs, e-pasta adrese un pils\u0113ta, kur\u0101 prece ieg\u0101d\u0101ta.<\/li>\n<\/ul>\n\n\n\n<p>8.1. Personas datus (v\u0101rdu, uzv\u0101rdu, e-pasta adresi, t\u0101lru\u0146a numuru un dz\u012bvesvietas adresi), ko dal\u012bbnieki iesniedz Loterijas norises laik\u0101, p\u0101rvalda un apstr\u0101d\u0101 Loterijas r\u012bkot\u0101js (SIA \u201eMagnet Promotions\u201d, re\u0123istr\u0101cijas Nr. 40003639069, juridisk\u0101 adrese: Stopi\u0146u 29, R\u012bga LV-1035). Dati tiek apkopoti, kad dal\u012bbnieks aizpilda re\u0123istr\u0101cijas veidlapu interneta vietn\u0113 http:\/\/www.mondelezpromo.com\/lv\/ un tiek apstr\u0101d\u0101ti, pamatojoties uz dal\u012bbnieka piekri\u0161anu Loterijas \u012bsteno\u0161anai, inform\u0101cijas snieg\u0161anai, balvu pieg\u0101dei, nodok\u013cu apr\u0113\u0137in\u0101\u0161anai un citiem ar Loteriju saist\u012btiem likum\u012bgiem m\u0113r\u0137iem. Dal\u012bbnieku dati var tikt nodoti balvu pieg\u0101des dienestiem, datu apstr\u0101d\u0101t\u0101jiem, valsts iest\u0101d\u0113m vai cit\u0101m tre\u0161aj\u0101m person\u0101m ties\u012bbu aktos noteiktaj\u0101 k\u0101rt\u012bb\u0101. Dati tiek glab\u0101ti ne ilg\u0101k k\u0101 3 m\u0113ne\u0161us p\u0113c Loterijas beig\u0101m, bet dati, kas saist\u012bti ar nodok\u013ciem un juridiskaj\u0101m pras\u012bb\u0101m, \u2013 ne ilg\u0101k k\u0101 10 gadus. Dal\u012bbniekam ir ties\u012bbas jebkur\u0101 laik\u0101 atsaukt piekri\u0161anu, piepras\u012bt piek\u013cuvi saviem datiem, to labo\u0161anu, dz\u0113\u0161anu vai apstr\u0101des ierobe\u017eo\u0161anu, k\u0101 ar\u012b iesniegt s\u016bdz\u012bbu Latvijas Datu valsts inspekcijai (pasts@dvi.gov.lv, Elijas iela 17, LV-1050, R\u012bga, t\u0101lr. +371 67223131). Saska\u0146\u0101 ar Pre\u010du un pakalpojumu loteriju organiz\u0113\u0161anas uzraudz\u012bbas un kontroles k\u0101rt\u012bbas 5.\u00a0punktu loteriju re\u0123istr\u0101cijas datus Loterijas organiz\u0113t\u0101js glab\u0101 5 gadus.<\/p>\n\n\n\n<p>8.2. Lai nodro\u0161in\u0101tu p\u0113c iesp\u0113jas prec\u012bz\u0101ku Loterijas re\u0123istr\u0101ciju un izvair\u012btos no iesp\u0113jamas datu dubl\u0113\u0161anas, k\u0101 ar\u012b lai p\u0113c iesp\u0113jas prec\u012bz\u0101k noteiktu Loterijas uzvar\u0113t\u0101ju un p\u0101rbaud\u012btu dal\u012bbu Loterij\u0101, inform\u0113tu par laimestu, Loterijas organiz\u0113t\u0101js l\u016bdz nor\u0101d\u012bt dal\u012bbnieka t\u0101lru\u0146a numuru un pirkuma dokumenta numuru.<\/p>\n\n\n\n<p>8.3. Ja loterijas dal\u012bbnieks vair\u0101kas reizes izpilda loterijas nosac\u012bjumus, vi\u0146\u0161 var tikt re\u0123istr\u0113ts vair\u0101kas reizes.<\/p>\n\n\n\n<p>8.4. Viens pirkuma dokuments var laim\u0113t tikai vienu balvu.<\/p>\n\n\n\n<p>9. Loterij\u0101 paredz\u0113ts:<\/p>\n\n\n\n<p>10. Paredz\u0113tas 6 (se\u0161as) izlozes:<\/p>\n\n\n\n<p>11. 08.09.2025. tiks izloz\u0113ta 1 (viena) balva, t\u0101tad 1 (vienam) laim\u0113t\u0101jam tiks d\u0101vin\u0101ti 2 (divi) kafijas apar\u0101ti, izloz\u0113 piedal\u0101s personas, kuras savus pirkumus re\u0123istr\u0113ju\u0161as no 2025. gada 1. septembra l\u012bdz 2025. gada 7. septembra plkst. 23:59.;<\/p>\n\n\n\n<p>12. 15.09.2025. tiks izloz\u0113ta 1 (viena) balva, t\u0101tad 1 (vienam) laim\u0113t\u0101jam tiks d\u0101vin\u0101ti 2 (divi) kafijas apar\u0101ti, izloz\u0113 piedal\u0101s personas, kuras savus pirkumus re\u0123istr\u0113ju\u0161as no 2025. gada 8. septembra l\u012bdz 2025. gada 14. septembra plkst. 23:59.;<\/p>\n\n\n\n<p>13. 22.09.2025. tiks izloz\u0113ta 1 (viena) balva, t\u0101tad 1 (vienam) laim\u0113t\u0101jam tiks d\u0101vin\u0101ti 2 (divi) kafijas apar\u0101ti, izloz\u0113 piedal\u0101s personas, kuras savus pirkumus re\u0123istr\u0113ju\u0161as no 2025. gada 15. septembra l\u012bdz 2025. gada 21. septembra plkst. 23:59.;<\/p>\n\n\n\n<p>14. 29.09.2025. tiks izloz\u0113ta 1 (viena) balva, t\u0101tad 1 (vienam) laim\u0113t\u0101jam tiks d\u0101vin\u0101ti 2 (divi) kafijas apar\u0101ti, izloz\u0113 piedal\u0101s personas, kuras savus pirkumus re\u0123istr\u0113ju\u0161as no 2025. gada 22. septembra l\u012bdz 2025. gada 28. septembra plkst. 23:59.;<\/p>\n\n\n\n<p>15. 06.10.2025. tiks izloz\u0113ta 1 (viena) balva, t\u0101tad 1 (vienam) laim\u0113t\u0101jam tiks d\u0101vin\u0101ti 2 (divi) kafijas apar\u0101ti, izloz\u0113 piedal\u0101s personas, kuras savus pirkumus re\u0123istr\u0113ju\u0161as no 2025. gada 29. septembra l\u012bdz 2025. gada 5. oktobra plkst. 23:59.;<\/p>\n\n\n\n<p>16. 13.10.2025. tiks izloz\u0113ta 1 (viena) balva, t\u0101tad 1 (vienam) laim\u0113t\u0101jam tiks d\u0101vin\u0101ti 2 (divi) kafijas apar\u0101ti, izloz\u0113 piedal\u0101s personas, kuras savus pirkumus re\u0123istr\u0113ju\u0161as no 2025. gada 6. oktobra l\u012bdz 2025. gada 12. oktobra plkst. 23:59.<\/p>\n\n\n\n<p>17. Loterijas uzvar\u0113t\u0101ju saraksts tiks public\u0113ts <strong>https:\/\/www.mondelezpromo.com\/lv\/<\/strong> p\u0113c katras izlozes l\u012bdz plkst. 23:59.<\/p>\n\n\n\n<p>18. Izlozes notiks plkst. 13.00 SIA Magnet Promotions telp\u0101s Miera iel\u0101 14-17, Salaspil\u012b.<\/p>\n\n\n\n<p>19. Izlozes tiks veiktas, izmantojot loterijas programmat\u016bru \u201ePremium\u201d.<\/p>\n\n\n\n<p> 19.1. Uzvar\u0113t\u0101jiem ir iesp\u0113ja pa\u0161iem sazin\u0101ties ar Loterijas r\u012bkot\u0101ju SIA \u201eMagnet Promotions\u201d, rakstot uz e-pastu erika@magnet.lv l\u012bdz 01.11.2025. P\u0113c \u0161\u012b datuma balvas vairs netiks izsniegtas un k\u013c\u016bs par Pre\u010du izplat\u012bt\u0101ja \u012bpa\u0161umu.<\/p>\n\n\n\n<p>19.2. Ierodoties sa\u0146emt laim\u0113to balvu, laim\u0113t\u0101jam j\u0101uzr\u0101da pirkumu apliecino\u0161s dokuments ar numuru un personu apliecino\u0161s dokuments (pase\/ID karte). Ja uzvar\u0113t\u0101js nevar person\u012bgi ierasties p\u0113c balvas, tad balvu var nos\u016bt\u012bt pa pastu. T\u0101d\u0101 gad\u012bjum\u0101 laim\u0113t\u0101jam j\u0101nos\u016bta pirkumu apliecino\u0161s dokuments ar numuru, personu apliecino\u0161a dokumenta (pases\/ID kartes) kopija un adrese, uz kuru b\u016bs j\u0101s\u016bta balva. P\u0113c balvas sa\u0146em\u0161anas laim\u0113t\u0101js nevar v\u0113rsties pie Loterijas r\u012bkot\u0101ja ar pretenziju par laimestu. Ne Loterijas r\u012bkot\u0101js, ne Izplat\u012bt\u0101js negarant\u0113 balvu kvalit\u0101ti \u2013 laimesta juridisko kvalit\u0101tes garantiju nodro\u0161ina balvu ra\u017eot\u0101js\/pieg\u0101d\u0101t\u0101js saska\u0146\u0101 ar sp\u0113k\u0101 eso\u0161ajiem ties\u012bbu aktiem.<\/p>\n\n\n\n<p>19.3. Ja balvas laim\u0113t\u0101js ir nepilngad\u012bgs, balvu var sa\u0146emt vi\u0146a likumiskais p\u0101rst\u0101vis, uzr\u0101dot balvas laim\u0113t\u0101ja un savu personu apliecino\u0161o dokumentu (pasi vai personas apliec\u012bbu).<\/p>\n\n\n\n<p>19.4. Pirkuma dokument\u0101 j\u0101b\u016bt redzamiem datiem, p\u0113c kuriem var identific\u0113t loterijas pre\u010du ieg\u0101di \u2013<strong> pirkuma dokumenta numurs<\/strong>,kuram j\u0101sakr\u012bt ar re\u0123istr\u0113to, loterij\u0101 laim\u0113ju\u0161o numuru, <strong>loterijas preces pirkuma laiks <\/strong>no 2025. gada 1. septembra l\u012bdz 2025. gada 12. oktobrim, k\u0101 ar\u012b loterij\u0101 piedalo\u0161os 2 da\u017e\u0101du pre\u010du nosaukumi.<\/p>\n\n\n\n<p>19.5. <strong>Balva netiek izsniegta<\/strong>, ja Loterijas laim\u0113t\u0101js:<\/p>\n\n\n\n<p>19.5.1. Nevar uzr\u0101d\u012bt \u0161ajos noteikumos nor\u0101d\u012btos personu apliecino\u0161os dokumentus vai \u0161ajos dokumentos nor\u0101d\u012bt\u0101 inform\u0101cija neatbilst loterijas laik\u0101 re\u0123istr\u0101cij\u0101 nor\u0101d\u012btajai inform\u0101cijai, atbilsto\u0161i kurai pazi\u0146ots laim\u0113t\u0101js;<\/p>\n\n\n\n<p>19.5.2. Vienu pirkuma dokumentu re\u0123istr\u0113jis vair\u0101kas reizes;<\/p>\n\n\n\n<p>19.5.3. Pirkuma dokumenta numura viet\u0101 ir re\u0123istr\u0113jis jebkuru citu numuru, kas nor\u0101d\u012bts pirkuma dokument\u0101;<\/p>\n\n\n\n<p>19.5.4. Re\u0123istr\u0113jis vair\u0101kas skait\u013cu kombin\u0101cijas no viena pirkuma dokumenta, cen\u0161oties palielin\u0101t savas izredzes laim\u0113t;<\/p>\n\n\n\n<p>19.5.5. Re\u0123istr\u0113jis viena un t\u0101 pa\u0161a pirkuma dokumenta numuru, aizst\u0101jot t\u0101 simbolus ar l\u012bdz\u012bgiem;<\/p>\n\n\n\n<p>19.5.6. Pievienojis pirkuma dokumenta numuram papildu rakstz\u012bmes vai main\u012bjis rakstz\u012bmju kombin\u0101ciju.<\/p>\n\n\n\n<p>20. Visas pretenzijas saist\u012bb\u0101 ar Loteriju rakstiski j\u0101s\u016bta Loterijas r\u012bkot\u0101jam \u2013 SIA Magnet Promotions, adrese Salaspils, Miera 14-17, LV-2169 l\u012bdz 01.11.2025. Pretenzijas, kas iesniegtas p\u0113c \u0161\u012b datuma, nerada juridiskas sekas.<\/p>\n\n\n\n<p>20.1. Loterijas r\u012bkot\u0101ji izskata pretenziju un atbild uz to 15 (piecpadsmit) dienu laik\u0101 p\u0113c t\u0101s sa\u0146em\u0161anas. Ja Loterijas r\u012bkot\u0101ji pretenziju uzskata par pamatotu, tad sav\u0101 atbild\u0113 nor\u0101da pretenzijas apmierin\u0101\u0161anas k\u0101rt\u012bbu un termi\u0146u.<\/p>\n\n\n\n<p>20.2. Loterijas dal\u012bbniekam ir ties\u012bbas ar rakstisku iesniegumu atsaukt savu dal\u012bbu loterij\u0101, nor\u0101dot konkr\u0113t\u0101s loterijas nosaukumu, at\u013caujas numuru un loterijas norises laiku.<\/p>\n\n\n\n<p>21. Nobeiguma noteikumi<\/p>\n\n\n\n<p>21.1. Loterijas dal\u012bbnieki piekr\u012bt, ka inform\u0101cija un personas dati tiek apstr\u0101d\u0101ti un glab\u0101ti saska\u0146\u0101 ar Latvijas Republikas un Eiropas Savien\u012bbas ties\u012bbu aktiem, kas regul\u0113 personas datu aizsardz\u012bbu.<\/p>\n\n\n\n<p>21.2. Loterij\u0101 nedr\u012bkst piedal\u012bties SIA \u201eMondelez Latvija\u201d, UAB \u201eMondelez Baltic\u201d un \u201eMondelez International\u201d uz\u0146\u0113mumu darbinieki un SIA \u201eMagnet Promotions\u201d darbinieki. Ja tiek konstat\u0113ts, ka nor\u0101d\u012bto uz\u0146\u0113mumu darbinieks ir piedal\u012bjies Loterij\u0101, vi\u0146\u0161 nesa\u0146em balvu.<\/p>\n\n\n\n<p>21.3. Piedaloties loterij\u0101, dal\u012bbnieki apliecina, ka ir iepazinu\u0161ies un bez nosac\u012bjumiem piekr\u012bt \u0161iem noteikumiem un tam, ka loterijas organiz\u0113t\u0101ji un to pilnvarot\u0101s personas var apstr\u0101d\u0101t un izmantot loterijas dal\u012bbnieku datus, lai \u012bstenotu loteriju, noteiktu balvas sa\u0146\u0113m\u0113ju, public\u0113tu to vietn\u0113 <em>mondelezpromo.com<\/em> un izsniegtu balvu. Datu apstr\u0101des m\u0113r\u0137is ir nodro\u0161in\u0101t loterijas izpildi, loterijas balvu laim\u0113t\u0101ju noskaidro\u0161anu un balvu izsnieg\u0161anu.<\/p>\n\n\n\n<p>21.4. Loterijas organiz\u0113t\u0101js nav atbild\u012bgs par nevienas personas izdevumiem, kas saist\u012bti ar dal\u012bbu loterij\u0101.<\/p>\n\n\n\n<p>21.5. Balvas netiek apmain\u012btas pret naudu vai cit\u0101m prec\u0113m.<\/p>\n\n\n\n<p>21.6. Organiz\u0113t\u0101js neuz\u0146emas atbild\u012bbu par nozaud\u0113tiem un\/vai nepieg\u0101d\u0101jamiem, boj\u0101tiem vai aizkav\u0113tiem pieteikumiem, vai kurus nevar nos\u016bt\u012bt tehnisku probl\u0113mu vai citu iemeslu d\u0113\u013c, kuri nav t\u0101 kontrol\u0113.<\/p>\n\n\n\n<p>21.7. Organiz\u0113t\u0101js nav atbild\u012bgs par pakalpojumu snieg\u0161anas p\u0101rtraukumiem tehnisku probl\u0113mu, sist\u0113mas vai programmat\u016bras k\u013c\u016bdu, kav\u0113jumu vai citu probl\u0113mu d\u0113\u013c, kas var ietekm\u0113t dal\u012bbnieku iesp\u0113ju piedal\u012bties loterij\u0101 vai izmantot interneta vietni.<\/p>\n\n\n\n<p>21.8. Loterijas r\u012bkot\u0101ji nav atbild\u012bgi par Loterijas dal\u012bbnieku izsl\u0113g\u0161anu no izlozes, k\u0101 ar\u012b par balvas neizsnieg\u0161anu tajos gad\u012bjumos, kad nav iev\u0113roti Loterijas noteikumi vai Loterijas dal\u012bbnieku sniegt\u0101 inform\u0101cija ir nepareiza vai neprec\u012bza, vai ar Loterijas laim\u0113t\u0101jiem nav bijis iesp\u0113jams sazin\u0101ties no Loterijas r\u012bkot\u0101ja neatkar\u012bgu iemeslu d\u0113\u013c.<\/p>\n\n\n\n<p>21.9. Loterijas r\u012bkot\u0101ju un Loterijas dal\u012bbnieku ties\u012bbas un pien\u0101kumi ir paredz\u0113ti tikai \u0161ajos Loterijas noteikumos. <strong>Rekl\u0101mas materi\u0101los sniegtajai inform\u0101cijai par Loteriju ir tikai informat\u012bvs raksturs.<\/strong><\/p>\n\n\n\n<p>21.10. Loterijas norisi saska\u0146\u0101 ar sp\u0113k\u0101 eso\u0161ajiem noteikumiem nosaka Loterijas r\u012bkot\u0101ji, saska\u0146ojot ar Latvijas Republikas Izlo\u017eu un azartsp\u0113\u013cu uzraudz\u012bbas inspekciju. To izpilde un iev\u0113ro\u0161ana ir oblig\u0101ta visiem Loterijas dal\u012bbniekiem.<\/p>\n\n\n\n<p>Izlo\u017eu un azartsp\u0113\u013cu uzraudz\u012bbas inspekcijas apstiprin\u0101tie loterijas noteikumi ir pieejami interneta vietn\u0113 <strong>https:\/\/www.mondelezpromo.com\/lv\/<\/strong><strong>.<\/strong><\/p>\n\n\n\n<p>____________________________<\/p>\n\n\n\n<p>SIA Magnet Promotions<br>Valdes priek\u0161s\u0113d\u0113t\u0101ja<br>Erika Kokor\u0113vi\u010da<\/p>\n\n\n\n<p><\/p>\n","protected":false},"excerpt":{"rendered":"<p>1. Loterijas pre\u010du izplat\u012bt\u0101js: UAB \u201eMondelez Baltic\u201d, re\u0123istr\u0101cijas Nr. 303046543, juridisk\u0101 adrese: Taikos iela 88, Kau\u0146a, Lietuva, LT51501, turpm\u0101k \u2013 Izplat\u012bt\u0101js, 2. Loterijas organiz\u0113t\u0101js: SIA \u201eMagnet Promotions\u201d, re\u0123istr\u0101cijas Nr. 40003639069, juridisk\u0101 adrese: Stopi\u0146u iela 29, R\u012bga LV-1035, turpm\u0101k \u2013 Loterijas r\u012bkot\u0101js. 3. Loterijas norises teritorija: jebkura tirdzniec\u012bbas vieta vis\u0101 Latvijas Republikas teritorij\u0101. Loterij\u0101 var piedal\u012bties [&hellip;]<\/p>\n","protected":false},"author":1,"featured_media":0,"parent":0,"menu_order":0,"comment_status":"closed","ping_status":"closed","template":"page-home.php","meta":{"_acf_changed":false,"footnotes":""},"class_list":["post-31","page","type-page","status-publish","hentry"],"acf":[],"_links":{"self":[{"href":"https:\/\/mondelezpromo.com\/milka-neighbours-lv\/wp-json\/wp\/v2\/pages\/31","targetHints":{"allow":["GET"]}}],"collection":[{"href":"https:\/\/mondelezpromo.com\/milka-neighbours-lv\/wp-json\/wp\/v2\/pages"}],"about":[{"href":"https:\/\/mondelezpromo.com\/milka-neighbours-lv\/wp-json\/wp\/v2\/types\/page"}],"author":[{"embeddable":true,"href":"https:\/\/mondelezpromo.com\/milka-neighbours-lv\/wp-json\/wp\/v2\/users\/1"}],"replies":[{"embeddable":true,"href":"https:\/\/mondelezpromo.com\/milka-neighbours-lv\/wp-json\/wp\/v2\/comments?post=31"}],"version-history":[{"count":9,"href":"https:\/\/mondelezpromo.com\/milka-neighbours-lv\/wp-json\/wp\/v2\/pages\/31\/revisions"}],"predecessor-version":[{"id":144,"href":"https:\/\/mondelezpromo.com\/milka-neighbours-lv\/wp-json\/wp\/v2\/pages\/31\/revisions\/144"}],"wp:attachment":[{"href":"https:\/\/mondelezpromo.com\/milka-neighbours-lv\/wp-json\/wp\/v2\/media?parent=31"}],"curies":[{"name":"wp","href":"https:\/\/api.w.org\/{rel}","templated":true}]}}