{"id":27,"date":"2024-10-09T13:16:25","date_gmt":"2024-10-09T13:16:25","guid":{"rendered":"http:\/\/mondelezpromo.com\/milka-bunny-lt\/?page_id=27"},"modified":"2026-02-17T08:52:13","modified_gmt":"2026-02-17T08:52:13","slug":"homepage-ee","status":"publish","type":"page","link":"https:\/\/mondelezpromo.com\/milka-bunny-lt\/","title":{"rendered":"Homepage LT"},"content":{"rendered":"\n<p>1. Akcijos LAIM\u0116K PLIU\u0160IN\u012e ZUIK\u012e. MILKA organizatorius yra UAB INDIANA.LT, \u012fmon\u0117s kodas 302641591, buvein\u0117s adresas: M. Valan\u010diaus g. 7,&nbsp; Vilnius (toliau tekste \u2013 Organizatorius), veikiantis UAB MONDELEZ BALTIC, registracijos numeris 303046543, adresas Taikos pr. 88, LT-51182 Kaunas (toliau \u2013 U\u017esakovas), u\u017esakymu.<\/p>\n\n\n\n<p>2. Akcija prasideda 2026 03 02 ir baigiasi 2026 04 06.<\/p>\n\n\n\n<p>3. Akcijos dalyviais gali b\u016bti visi asmenys, nuolatos gyvenantys Lietuvos Respublikos teritorijoje.<\/p>\n\n\n\n<p>4.&nbsp; Nor\u0117damas dalyvauti Akcijoje, asmuo turi bet kurioje Lietuvos respublikos teritorijoje esan\u010dioje parduotuv\u0117je \u012fsigyti bent vien\u0105 bet kur\u012f MILKA produkt\u0105 Akcijos laikotarpiu ir nemokamai u\u017eregistruoti pirkimo kvito numer\u012f tinklalapyje <a href=\"https:\/\/www.mondelezpromo.com\">https:\/\/www.mondelezpromo.com<\/a>. Akcijoje dalyvaujan\u010di\u0173 produkt\u0173 s\u0105ra\u0161as pateikiamas Priede nr.1, \u0161i\u0173 taisykli\u0173 apa\u010dioje.<\/p>\n\n\n\n<p>5. &nbsp;Akcijos dalyviai Akcijos laikotarpiu gali laim\u0117ti \u0161iuos prizus:<\/p>\n\n\n\n<p>5.1. 500 (penkis \u0161imtus) MILKA kuprini\u0173;<br>5.2. 140 (\u0161imt\u0105 keturiasde\u0161imt) MILKA pliu\u0161ini\u0173 zuiki\u0173 (80 cm).<\/p>\n\n\n\n<p>6. Apie laim\u0117t\u0105 priz\u0105 Akcijos dalyvis bus informuotas i\u0161kart, registracijos metu <a href=\"https:\/\/mondelezpromo.com\">https:\/\/mondelezpromo.com<\/a>. Laim\u0117jimo atveju \u017einut\u0117 apie laim\u0117jim\u0105 bus rodoma ekrane, i\u0161kart po registracijos. Organizatorius taip pat gali informuoti laim\u0117toj\u0105 telefono numeriu arba el. pa\u0161tu, kurie buvo pateikti registracijos metu, registracijos formoje <a href=\"https:\/\/mondelezpromo.com\">https:\/\/mondelezpromo.com<\/a>.<\/p>\n\n\n\n<p>7. Laim\u0117tojo vardas ir pavard\u0117 \u012f laim\u0117toj\u0173 s\u0105ra\u0161\u0105 bus \u012ftraukti tik patvirtinus, kad Akcijoje registruotas pirkimo dokumentas atitinka taisykl\u0117se nurodytas s\u0105lygas. Akcijos dalyvis, kurio pavard\u0117s n\u0117ra laim\u0117toj\u0173 s\u0105ra\u0161e, n\u0117ra laikomas laim\u0117toju ir neturi teis\u0117s atsiimti prizo. Kiekvienos dienos patvirtint\u0173 laim\u0117toj\u0173 s\u0105ra\u0161as tikrinamas ir skelbiamas <a href=\"https:\/\/mondelezpromo.com\">https:\/\/mondelezpromo.com<\/a> puslapyje ateinan\u010di\u0105 darbo dien\u0105 t.y. pirmadien\u012f skelbiami penktadienio, \u0161e\u0161tadienio ir sekmadienio dienos patvirtinti laim\u0117tojai, antradien\u012f skelbiami pirmadienio dienos patvirtinti laim\u0117tojai ir t.t.)<\/p>\n\n\n\n<p>8. Akcijos dalyvis, nor\u0117damas dalyvauti Akcijoje ir gauti priz\u0105, privalo saugoti Akcijoje registruotos prek\u0117s pirkimo dokument\u0105 (pirkimo kvit\u0105 ar s\u0105skait\u0105 fakt\u016br\u0105) nuo 2026 03 02 iki 2026 04 20. Registracijos, atliktos iki ar po Akcijos laikotarpio (Akcijos laikotarpis 2026 03 02 iki 2026 04 06), laikomos negaliojan\u010diomis. Organizatorius turi teis\u0119 neteikti prizo, jei Akcijos dalyvis registracijos ar prizo atsi\u0117mimo metu nepateikia pirkimo dokumento.<\/p>\n\n\n\n<p>9. Nor\u0117damas dalyvauti Akcijoje, Akcijos dalyvis turi registruotis svetain\u0117je <a href=\"https:\/\/www.mondelezpromo.com\">https:\/\/www.mondelezpromo.com<\/a>, kur Akcijos dalyvis turi nurodyti savo vard\u0105 ir pavard\u0119, pirkimo dokumento numer\u012f, telefono numer\u012f, el.pa\u0161t\u0105. Registracijos metu b\u016btina prid\u0117ti ai\u0161kiai \u012fskaitom\u0105 pirkimo dokumento kopij\u0105. Dokumento kopijoje turi b\u016bti nurodytas dokumento numeris, data ir bent vieno Akcijoje dalyvaujan\u010dio produkto \u012fsigijimo \u012frodymas. Pirkimo dokumento kopija turi atitikti svetain\u0117je nurodytus formato ir dyd\u017eio (failo dyd\u017eio) reikalavimus. Jei pirkimo dokumentas neatitinka taisykl\u0117se nustatyt\u0173 s\u0105lyg\u0173, Akcijos dalyvis netenka teis\u0117s \u012f priz\u0105. Registracija svetain\u0117je www.mondelezpromo.com yra nemokama.<\/p>\n\n\n\n<p>10. Kiekvienas asmuo turi teis\u0119 dalyvauti Akcijoje neribot\u0105 kart\u0173 skai\u010di\u0173, ta\u010diau vien\u0105 pirkimo kvit\u0105, kuriame nurodyti vienas ar daugiau Akcijoje dalyvaujan\u010di\u0173 produkt\u0173, registruoti galima tik vien\u0105 kart\u0105. Pirkimo kvitas gali b\u016bti registruojamas bet kada Akcijos metu (nuo 2026 03 02 iki 2026 04 06 imtinai). U\u017eregistruot\u0105 pirkimo kvit\u0105 b\u016btina i\u0161saugoti iki 2026 04 20 d.<\/p>\n\n\n\n<p>11. Vienas pirkimo kvito numeris leid\u017eia laim\u0117ti tik vien\u0105 priz\u0105; atitinkamai vienas pirkimo kvito numeris gali b\u016bti registruojamas Akcijoje tik vien\u0105 kart\u0105 . Jei vienas pirkimo kvito numeris registruojamas kelis kartus, \u012f laim\u0117toj\u0173 traukim\u0105 bus \u012ftraukta tik pirmoji registracija. Jei Akcijos dalyvis (vienas telefono numeris) bando \u012fvesti vien\u0105 pirkimo kvito numer\u012f kelis kartus, kad padidint\u0173 savo \u0161ansus laim\u0117ti, Akcijos organizatoriai turi teis\u0119 anuliuoti visas registracijas, siekdami u\u017etikrinti s\u0105\u017eining\u0105 ir lygiavert\u012f Akcijos dalyvi\u0173 dalyvavim\u0105 \u017eaidime.<\/p>\n\n\n\n<p>12. Jeigu perkant prek\u0119 pirkimo kvite nenurodytas tikslus \u012fsigytos MILKA prek\u0117s pavadinimas\/pavadinimai, asmuo, norintis dalyvauti Akcijoje, \u012fsigij\u0119s prek\u0119 turi nedelsdamas kreiptis \u012f pardavimo viet\u0105 ir pra\u0161yti s\u0105skaitos fakt\u016bros su tiksliu MILKA produkto pavadinimu\/ pavadinimais. Jeigu pirkimo dokumente n\u0117ra tikslaus MILKA prek\u0117s pavadinimo, toks pirkimo dokumentas laikomas neatitinkan\u010diu taisykli\u0173 ir jis nebus registruojamas dalyvauti Akcijoje.<\/p>\n\n\n\n<p>13. Jei pirkimo dokumentas atitinka \u0161iose taisykl\u0117se nustatytas s\u0105lygas, Organizatorius susisieks su laim\u0117toju d\u0117l laim\u0117to Prizo perdavimo Akcijos puslapyje registracijos metu nurodytu telefono numeriu arba elektroninio pa\u0161to adresu.<\/p>\n\n\n\n<p>14. Organizatoriui patvirtinus, kad laim\u0117tojo pirkimo dokumentas atitinka taisykl\u0117se nustatytas s\u0105lygas, laim\u0117tojo vardas ir pavard\u0117 bus \u012ftraukti \u012f laim\u0117toj\u0173 s\u0105ra\u0161\u0105, skelbiam\u0105 svetain\u0117je <a href=\"https:\/\/mondelezpromo.com\">https:\/\/mondelezpromo.com<\/a>.<\/p>\n\n\n\n<p>15. Laim\u0117tojas, nor\u0117damas gauti priz\u0105, Akcijos organizatoriui turi pateikti prizo pristatymui reikalingus duomenis: vardas, pavard\u0117, adresas, mob. tel. nr.<\/p>\n\n\n\n<p>16. Prizo perdavimo i\u0161laidas ir visus su prizu susijusius mokes\u010dius sumoka Akcijos organizatorius. Organizatorius neatsako, jei prizas negali b\u016bti \u012fteiktas laim\u0117tojui d\u0117l neteisingai ar netiksliai pateikt\u0173 duomen\u0173.<\/p>\n\n\n\n<p>17. Jeigu Akcijos laim\u0117tojas negali pateikti \u0161iose s\u0105lygose nurodyt\u0173 duomen\u0173 prizo siuntimui ir pirkim\u0105 patvirtinan\u010di\u0173 dokument\u0173 arba \u0161iuose dokumentuose esanti informacija nesutampa su Akcijos registracijoje nurodytais duomenimis, prizas nei\u0161duodamas.<\/p>\n\n\n\n<p>18. Jeigu Akcijos dalyvis\/laim\u0117tojas yra nepilnametis, priz\u0105 jis gali atsiimti per savo \u012fstatymin\u012f atstov\u0105, pateikdamas dokumentus, \u012frodan\u010dius tiek priz\u0105 laim\u0117jusio Akcijos dalyvio, tiek jo atstovo pagal \u012fstatym\u0105 tapatyb\u0119.<\/p>\n\n\n\n<p>19. \u0160iose s\u0105lygose nenurodytos papildomos su prizo atsi\u0117mimu susijusios i\u0161laidos, tokios kaip transportavimo i\u0161laidos ar telefono skambu\u010di\u0173 kaina, n\u0117ra kompensuojamos.<\/p>\n\n\n\n<p>20. Prizai, kurie nebuvo i\u0161duoti ar buvo laim\u0117ti nesilaikant Akcijos taisykli\u0173, pakartotinai netraukiami, ir finansi\u0161kai nekompensuojami.<\/p>\n\n\n\n<p>21. Visi gin\u010dai, kylantys d\u0117l Akcijos, bus sprend\u017eiami vadovaujantis Lietuvos Respublikos \u012fstatymais.<\/p>\n\n\n\n<p>22. Skundas d\u0117l \u0161ios Akcijos turi b\u016bti pareik\u0161tas ra\u0161tu, nurodant nusiskundimus ir argumentus, pridedant reikiamus dokumentus ir j\u0173 kopijas su skundo nuoroda. Skundas turi b\u016bti pateiktas ne v\u0117liau, nei per 7 dienas nuo pa\u017eeidimo datos ir ne v\u0117liau, nei iki Akcijos laikotarpio pabaigos. Skundas turi b\u016bti siun\u010diamas Organizatoriaus adresu: UAB INDIANA, adresas: Valan\u010diaus g. 7, Vilnius&nbsp; (data ant pa\u0161to voko). Akcijos Organizatorius kartu su U\u017esakovu per\u017ei\u016bri pretenzij\u0105 ir per 30 dien\u0173 U\u017esakovas pateikia savo atsakym\u0105.<\/p>\n\n\n\n<p>23. Akcijos organizatorius n\u0117ra atsakingas u\u017e bet kokias dalyvio asmenines i\u0161laidas, susijusias su dalyvavimu Akcijoje.<\/p>\n\n\n\n<p>24. Prizo vert\u0117 nekei\u010diama \u012f grynuosius pinigus ir nekei\u010diama \u012f kitas prekes.<\/p>\n\n\n\n<p>25. Akcijoje negali dalyvauti U\u017esakovo bei Akcijos Organizatoriaus darbuotojai, su Akcija susij\u0119 reklamos agent\u016bros darbuotojai bei kiti subjektai, tiesiogiai ar netiesiogiai \u012fdarbinti Akcijos U\u017esakovo ar Organizatoriaus rengiant Akcij\u0105, taip pat artimiausi \u0161i\u0173 asmen\u0173 \u0161eimos nariai.<\/p>\n\n\n\n<p>26. Dalyvaudamas \u0161ioje Akcijoje, asmuo leid\u017eia Akcijos Organizatoriui naudoti jo pateiktus asmens duomenis Akcijos tikslams ir sutinka, kad laim\u0117jimo atveju Akcijos prizo laim\u0117tojo vardas, pavard\u0117 b\u016bt\u0173 paskelbti interneto puslapyje <a href=\"https:\/\/mondelezpromo.com\">https:\/\/mondelezpromo.com<\/a> ir kitose \u017einiasklaidos priemon\u0117se.<\/p>\n\n\n\n<p>27. I\u0161kilus klausimams d\u0117l Akcijos galima kreiptis \u012f Akcijos Organizatori\u0173 UAB INDIANA.LT el. pa\u0161tu <a href=\"mailto:akcija@indiana.lt\">akcija@indiana.lt<\/a>. Akcijos Organizatorius pateikia atsakymus per 5 darbo dienas nuo u\u017eklausos gavimo.<\/p>\n\n\n\n<p>28. Organizatorius pasilieka teis\u0119 keisti Akcijos taisykles.<\/p>\n\n\n\n<p>29. Duomen\u0173 apsauga<\/p>\n\n\n\n<p>29.1. Akcijos metu renkam\u0173 Dalyvi\u0173 asmens duomen\u0173 valdytojas: U\u017esakovas UAB Mondelez Baltic, \u012fmon\u0117s kodas 303046543, buvein\u0117s adresas: Taikos pr. 88, Kaunas. Akcijos metu renkam\u0173 Dalyvi\u0173 asmens duomen\u0173 tvarkytojas: Organizatorius UAB INDIANA.LT, \u012fmon\u0117s kodas 302641591, buvein\u0117s adresas: M. Valan\u010diaus g. 7,\u00a0 Vilnius.<br>29.2. Siekiant u\u017etikrinti Dalyvi\u0173 dalyvavim\u0105 Akcijoje bus renkami ir tvarkomi \u0161ie Dalyvi\u0173 asmens duomenys:<\/p>\n\n\n\n<p>29.2.1.\u00a0 Vardas ir pavard\u0117 (registracijai ir Priz\u0173 laim\u0117toj\u0173 paskelbimui);<br>29.2.2. El. pa\u0161to adresas (registracijai ir susisiekimui d\u0117l Prizo laim\u0117jimo);<br>29.2.3. Telefono numeris (registracijai ir susisiekimui d\u0117l Prizo laim\u0117jimo);<br>29.2.4. Gyvenamosios vietos adresas (Priz\u0173 \u012fteikimui);<br>29.2.5. Asmens kodas (jeigu b\u016btina, priklausan\u010di\u0173 mokes\u010di\u0173 ar kitoki\u0173 valstyb\u0117s rinkliav\u0173 sumok\u0117jimui).<\/p>\n\n\n\n<p>29.3. Dalyvaudami Akcijoje Dalyviai patvirtina, kad sutinka su \u0161iomis Taisykl\u0117mis ir kad Organizatorius ir jo paskirti asmenys gali tvarkyti j\u0173 duomenis Akcijos organizavimo ir kitais \u017eemiau nurodytais tikslais.<\/p>\n\n\n\n<p>29.4. Akcijos Dalyvis, kuris registracijos formoje tinklapyje\u00a0<a href=\"https:\/\/mondelezpromo.com\">https:\/\/mondelezpromo.com<\/a> nepateiks registracijos formoje nurodyt\u0173 duomen\u0173, negal\u0117s dalyvauti Akcijoje.<\/p>\n\n\n\n<p>29.5. Akcijos metu surinkti asmens duomenys valdomi asmens sutikimo pagrindu, kuris i\u0161rei\u0161kiamas u\u017epildant registracijos form\u0105 <a href=\"https:\/\/mondelezpromo.com\">https:\/\/mondelezpromo.com<\/a>. Akcijos Dalyvis turi teis\u0119 bet kuriuo metu kreipdamasis elektroniniu pa\u0161tu\u00a0<a href=\"mailto:akcija@indiana.lt\">akcija@indiana.lt<\/a>\u00a0at\u0161aukti savo sutikim\u0105 rinkti ir tvarkyti savo asmens duomenis, nedarant poveikio jo duomen\u0173 rinkimo ir tvarkymo iki sutikimo at\u0161aukimo teis\u0117tumui. Akcijos Dalyviui at\u0161aukus savo sutikim\u0105, Akcijos Dalyvis Organizatoriaus viena\u0161ali\u0161ku sprendimu be atskiro\/i\u0161ankstinio Dalyvio informavimo yra i\u0161braukiamas i\u0161 Akcijos Dalyvi\u0173\/laim\u0117toj\u0173 s\u0105ra\u0161o (tokiu atveju Dalyvio dalyvavimas Akcijoje yra nutraukiamas).<\/p>\n\n\n\n<p>29.6. Akcijos Dalyvi\u0173 asmens duomenys yra naudojami \u0161iais tikslais:<br>29.6.2. informacijos, susijusios su Akcija, teikimui, tvarkymui ir apdorojimui;<br>29.6.3. Akcijos vykdymui;<br>29.6.4. Akcijos kokyb\u0117s u\u017etikrinimui;<br>29.6.5. problem\u0173, susijusi\u0173 su Akcijos vykdymu, sprendimui;<br>29.6.6. Akcijos Priz\u0173 laim\u0117tojams pristatymui ir atsi\u0117mimui;<br>29.6.7. mokes\u010di\u0173 u\u017e Akcijos Priz\u0173 laim\u0117jus\u012f Dalyv\u012f sumok\u0117jimui;<br>29.6.8. kitais teis\u0117tais su Akcijos vykdymu susijusiais tikslais.<\/p>\n\n\n\n<p>29.7. Akcijos Dalyvi\u0173 duomenys gali b\u016bti perduoti tre\u010diosioms \u0161alims tiek, kiek tai yra susij\u0119 su Akcijos vykdymu:<br>29.7.2. Teis\u0117tiems duomen\u0173 tvarkytojams teikiami Dalyvi\u0173 duomenys, reikalingi Akcijos laim\u0117tojams i\u0161rinkti, juos administruoti e. puslapyje, su jais susisiekti bei perduoti (pristatyti) Prizus;<br>29.7.3. Siunt\u0173 pristatymo tarnyboms teikiami Dalyvi\u0173 duomenys, reikalingi Akcijos Priz\u0173 pristatymui;<br>29.7.4. Valstybin\u0117ms institucijoms teikiami Dalyvi\u0173 duomenys, reikalingi taikom\u0173 mokes\u010di\u0173 sumok\u0117jimui (jei taikoma);<br>29.7.5. Kitais teis\u0117tais teis\u0117s aktuose apibr\u0117\u017etais atvejais ir tvarka.<\/p>\n\n\n\n<p>29.8. Dalyvi\u0173 asmens duomenys saugomi ne daugiau kaip 3 (tris) m\u0117nesius po Akcijos pabaigos, i\u0161skyrus duomenis, reikalingus taikom\u0173 mokes\u010di\u0173 u\u017e Akcijos Priz\u0105 laim\u0117jus\u012f Dalyv\u012f sumok\u0117jimui, kurie saugomi 10 (de\u0161imt) met\u0173 po Akcijos pabaigos.<\/p>\n\n\n\n<p>29.9. Akcijos Dalyvis turi teis\u0119 kreiptis \u012f Organizatori\u0173 elektroninio pa\u0161to adresu:\u00a0<a href=\"mailto:akcija@indiana.lt\">akcija@indiana.lt<\/a> \u00a0ir pra\u0161yti, kad Organizatorius leist\u0173 susipa\u017einti su surinktais savo asmens duomenimis bei juos i\u0161taisyt\u0173, jeigu Organizatoriaus turimi duomenys yra neteisingi ar netiksl\u016bs, juos i\u0161trint\u0173 arba apribot\u0173 duomen\u0173 tvarkym\u0105, taip pat perkelt\u0173 duomenis. Jeigu \u012fvykd\u017eius Dalyvio pra\u0161ym\u0105 yra ne\u012fmanomas ar bet kokia apimtimi apsunkinamas tokio asmens dalyvavimas Akcijoje, Dalyvis yra i\u0161braukiamas i\u0161 Dalyvi\u0173\/laim\u0117toj\u0173 s\u0105ra\u0161o ir Akcijoje nebedalyvauja.<\/p>\n\n\n\n<p>29.10. Akcijos Dalyviai turi \u0161ias teises: \u017einoti (b\u016bti informuotas) apie savo asmens duomen\u0173 tvarkym\u0105; gauti informacij\u0105, i\u0161 koki\u0173 \u0161altini\u0173 ir kokie asmens duomenys surinkti, kokiu tikslu jie tvarkomi, kokiems duomen\u0173 gav\u0117jams teikiami ir buvo teikti per duomen\u0173 tvarkymo laikotarp\u012f; reikalauti i\u0161taisyti, sunaikinti savo asmens duomenis arba sustabdyti savo asmens duomen\u0173 tvarkymo veiksmus, kai duomenys tvarkomi nesilaikant Asmens duomen\u0173 apsaugos teis\u0117s akt\u0173, bet kuriuo metu atsisakyti dalyvauti Akcijoje, kitas Asmens duomen\u0173 apsaugos teis\u0117s aktuose nurodytas teises. Jeigu Akcijos Dalyvis mano, kad vykdant \u0161i\u0105 Akcij\u0105 yra pa\u017eeid\u017eiamos jo teis\u0117s, susijusios su duomen\u0173 apsauga, Dalyvis turi teis\u0119 pateikti skund\u0105 prie\u017ei\u016bros institucijai: Valstybinei duomen\u0173 apsaugos inspekcijai, biud\u017eetin\u0117s \u012fstaigos kodas: 188607912, buvein\u0117s adresas: L. Sapiegos g. 17, 10312 Vilnius, el. pa\u0161to adresas:\u00a0<a href=\"mailto:ada@ada.lt\">ada@ada.lt<\/a>, telefonas:\u00a0<a href=\"tel:37052712804\">+370 5 271 28 04<\/a>,\u00a0<a href=\"tel:2791445\">279 1445<\/a>.<\/p>\n\n\n\n<p><strong>Priedas 1<\/strong><strong>:<\/strong> Akcijoje dalyvaujan\u010di\u0173 produkt\u0173 s\u0105ra\u0161as:<\/p>\n\n\n\n<figure class=\"wp-block-table\"><table class=\"has-fixed-layout\"><tbody><tr><td><strong>EAN<\/strong><\/td><td><strong>PRODUCT NAME<\/strong><\/td><\/tr><tr><td>7622202323461<\/td><td>Milka Alpine Milk 45g<\/td><\/tr><tr><td>7622202320057<\/td><td>Milka Broken Hazelnut 45g<\/td><\/tr><tr><td>7622200003938<\/td><td>Milka Milkinis 87.5g<\/td><\/tr><tr><td>7622202347221<\/td><td>Milka Whole Almond 90g<\/td><\/tr><tr><td>7622202013188<\/td><td>Milka Hazelnut Creme 85g<\/td><\/tr><tr><td>4025700001450<\/td><td>Milka Youghurt 100g<\/td><\/tr><tr><td>7622202262524<\/td><td>Milka Happy Cows 90g<\/td><\/tr><tr><td>7622202262463<\/td><td>Milka Alpine Milk 90g<\/td><\/tr><tr><td>7622202262463<\/td><td>Milka Alpine Milk PROMO 90g<\/td><\/tr><tr><td>7622202266003<\/td><td>Milka White 90g<\/td><\/tr><tr><td>5998711723491<\/td><td>Milka Toffee 100g<\/td><\/tr><tr><td>7622300719654<\/td><td>Milka Caramel 100g<\/td><\/tr><tr><td>7622201640897<\/td><td>Milka Chocolate Dessert 100g<\/td><\/tr><tr><td>7622210078131<\/td><td>Milka Daim 100g<\/td><\/tr><tr><td>7622202355172<\/td><td>Milka Daim 90g<\/td><\/tr><tr><td>7622202305221<\/td><td>Milka Biscoff 90g<\/td><\/tr><tr><td>7622202206283<\/td><td>Milka Bubbly Coconut&nbsp; 97g<\/td><\/tr><tr><td>7622202206245<\/td><td>Milka Bubbly Cappucino 97g<\/td><\/tr><tr><td>7622201637989<\/td><td>Milka Oreo Strawberry 92g<\/td><\/tr><tr><td>7622210369444<\/td><td>Milka Bubbly Milk 90g<\/td><\/tr><tr><td>7622210369543<\/td><td>Milka Bubbly White 95g<\/td><\/tr><tr><td>7622202262678<\/td><td>Milka Wholenut 95g<\/td><\/tr><tr><td>7622202262449<\/td><td>Milka Broken Hazelnut 90g<\/td><\/tr><tr><td>7622210442086<\/td><td>Milka Chips Ahoy 100g<\/td><\/tr><tr><td>7622210078100<\/td><td>Milka Oreo cookies 100g<\/td><\/tr><tr><td>7622200007332<\/td><td>Milka Strawberry 100g<\/td><\/tr><tr><td>7622201121068<\/td><td>Milka White Oreo cookies 100g<\/td><\/tr><tr><td>7622210826053<\/td><td>Milka Sandwich Oreo 92g<\/td><\/tr><tr><td>7622202253157<\/td><td>Milka Tender Winter 90g<\/td><\/tr><tr><td>7622202351990<\/td><td>Milka Sweet Easter 92g<\/td><\/tr><tr><td>7622202347030<\/td><td>Milka Lentil 90g<\/td><\/tr><tr><td>7622210217196<\/td><td>Milka 250g Bubbly Caramel<\/td><\/tr><tr><td>7622300465674<\/td><td>Milka 250G Whole Nuts<\/td><\/tr><tr><td>7622300200237<\/td><td>Milka 250G Alpen Milk<\/td><\/tr><tr><td>7622210248671<\/td><td>Milka 250g Choco Jelly<\/td><\/tr><tr><td>7622400904608<\/td><td>Milka 300g Crispy Yoghurt<\/td><\/tr><tr><td>7622300313357<\/td><td>Milka 300G Toffee Whole Nuts<\/td><\/tr><tr><td>7622210240200<\/td><td>Milka 300g Oreo<\/td><\/tr><tr><td>7622210604187<\/td><td>Milka 276g Peanut caramel<\/td><\/tr><tr><td>7622201677855<\/td><td>Milka 270g Nutty Wafer<\/td><\/tr><tr><td>7622210683168<\/td><td>Milka 300g Strawberry Cheesecake<\/td><\/tr><tr><td>7622201386160<\/td><td>Milka 300G Gingerbread LED<\/td><\/tr><tr><td>7622210597335<\/td><td>I Love Milka 110g Hazelnut<\/td><\/tr><tr><td>7622210711472<\/td><td>Milka Mix Single 138g<\/td><\/tr><tr><td>7622202295621<\/td><td>Milka MAM Vanilla 330g<\/td><\/tr><tr><td>7622202295669<\/td><td>Milka MAM Happy Cows 330g<\/td><\/tr><tr><td>7622201495572<\/td><td>Milka Hazelnut Spread 350g<\/td><\/tr><tr><td>7622201513764<\/td><td>Milka Brookie 132g<\/td><\/tr><tr><td>7622210669315<\/td><td>Milka Choco Brownie 150g<\/td><\/tr><tr><td>7622210998781<\/td><td>Milka Cookie Sensations 156g<\/td><\/tr><tr><td>7622300784751<\/td><td>Milka Cake &amp; Choco 175g<\/td><\/tr><tr><td>7622210413147<\/td><td>Milka Choc &amp; Choc 150g<\/td><\/tr><tr><td>7622210591005<\/td><td>Milka Tender Moo 140g<\/td><\/tr><tr><td>7622210100917<\/td><td>Milka Choco Pause 260g<\/td><\/tr><tr><td>7622300434328<\/td><td>Milka Jaffa Orange 147g<\/td><\/tr><tr><td>7622300434373<\/td><td>Milka Jaffa Raspberry 147g<\/td><\/tr><tr><td>7622300766610<\/td><td>Milka Choco Cookies 135g<\/td><\/tr><tr><td>7622300441715<\/td><td>Milka Choco Minis 150g<\/td><\/tr><tr><td>7622210406354<\/td><td>Milka Choco Stix 112g<\/td><\/tr><tr><td>7622210403919<\/td><td>Milka Choco Grain 126g<\/td><\/tr><tr><td>5906747312138<\/td><td>Milka Choco Cookies Hazelnut 135g<\/td><\/tr><tr><td>5906747312169<\/td><td>Milka Choco Cookies Raisins 135g<\/td><\/tr><tr><td>7622202253058<\/td><td>Milka Choco CROISSANT Vanilla 50 g<\/td><\/tr><tr><td>7622210717238<\/td><td>Milka Oreo 37g<\/td><\/tr><tr><td>7622210587251<\/td><td>Milka Easter Bunny Alpine, 45g<\/td><\/tr><tr><td>7622210491640<\/td><td>Milka Easter Egg and spoon, 136g<\/td><\/tr><tr><td>7622210940032<\/td><td>Milka Oreo Easter Egg and spoon, 128g<\/td><\/tr><tr><td>7622210857989<\/td><td>Milka Easter Plush Toy, 96g<\/td><\/tr><tr><td>7622201419332<\/td><td>Milka Easter Egg Hunt Basket, 162g<\/td><\/tr><tr><td>7622202212635<\/td><td>Milka Easter Funny Egg, 50g<\/td><\/tr><tr><td>7622202006890<\/td><td>Milka Easter Bunny Spec Design, 45g<\/td><\/tr><tr><td>7622201454944<\/td><td>Milka Alp Kids Easter, 100g<\/td><\/tr><tr><td>7622210781109<\/td><td>Milka Mini Eggs, 100g<\/td><\/tr><tr><td>7622202230394<\/td><td>Milka Shell Mini Eggs, 97g<\/td><\/tr><tr><td>7622202251351<\/td><td>Milka Easter Mini Assorti, 70g<\/td><\/tr><\/tbody><\/table><\/figure>\n","protected":false},"excerpt":{"rendered":"<p>1. Akcijos LAIM\u0116K PLIU\u0160IN\u012e ZUIK\u012e. MILKA organizatorius yra UAB INDIANA.LT, \u012fmon\u0117s kodas 302641591, buvein\u0117s adresas: M. Valan\u010diaus g. 7,&nbsp; Vilnius (toliau tekste \u2013 Organizatorius), veikiantis UAB MONDELEZ BALTIC, registracijos numeris 303046543, adresas Taikos pr. 88, LT-51182 Kaunas (toliau \u2013 U\u017esakovas), u\u017esakymu. 2. Akcija prasideda 2026 03 02 ir baigiasi 2026 04 06. 3. Akcijos dalyviais [&hellip;]<\/p>\n","protected":false},"author":1,"featured_media":0,"parent":0,"menu_order":0,"comment_status":"closed","ping_status":"closed","template":"page-home.php","meta":{"_acf_changed":false,"footnotes":""},"class_list":["post-27","page","type-page","status-publish","hentry"],"acf":[],"_links":{"self":[{"href":"https:\/\/mondelezpromo.com\/milka-bunny-lt\/wp-json\/wp\/v2\/pages\/27","targetHints":{"allow":["GET"]}}],"collection":[{"href":"https:\/\/mondelezpromo.com\/milka-bunny-lt\/wp-json\/wp\/v2\/pages"}],"about":[{"href":"https:\/\/mondelezpromo.com\/milka-bunny-lt\/wp-json\/wp\/v2\/types\/page"}],"author":[{"embeddable":true,"href":"https:\/\/mondelezpromo.com\/milka-bunny-lt\/wp-json\/wp\/v2\/users\/1"}],"replies":[{"embeddable":true,"href":"https:\/\/mondelezpromo.com\/milka-bunny-lt\/wp-json\/wp\/v2\/comments?post=27"}],"version-history":[{"count":20,"href":"https:\/\/mondelezpromo.com\/milka-bunny-lt\/wp-json\/wp\/v2\/pages\/27\/revisions"}],"predecessor-version":[{"id":174,"href":"https:\/\/mondelezpromo.com\/milka-bunny-lt\/wp-json\/wp\/v2\/pages\/27\/revisions\/174"}],"wp:attachment":[{"href":"https:\/\/mondelezpromo.com\/milka-bunny-lt\/wp-json\/wp\/v2\/media?parent=27"}],"curies":[{"name":"wp","href":"https:\/\/api.w.org\/{rel}","templated":true}]}}