{"id":28,"date":"2024-10-21T11:12:47","date_gmt":"2024-10-21T11:12:47","guid":{"rendered":"http:\/\/mondelezpromo.com\/halls-maxima-lt\/?page_id=28"},"modified":"2026-01-30T12:10:00","modified_gmt":"2026-01-30T12:10:00","slug":"homepage-lt","status":"publish","type":"page","link":"https:\/\/mondelezpromo.com\/halls-maxima-lt\/","title":{"rendered":"Homepage LT"},"content":{"rendered":"\n<p class=\"has-text-align-center\"><strong>1. Bendrosios taisykl\u0117s<\/strong><\/p>\n\n\n\n<p>1.1. UAB \u201eSANITEX\u201c, juridinio asmens kodas 110443493, (toliau \u2013 Organizatorius) organizuojamas \u017eaidimas HALLS loterija (toliau \u2013 \u017daidimas) vyksta nuo 2026 m. vasario 24 d. iki 2026 m. kovo 09 d. (imtinai).<br>1.2. \u017daidimo u\u017esakovas \u2013 UAB \u201eMondelez Baltic\u201c (toliau \u2013 U\u017esakovas).<br>1.3. Norint dalyvauti ir laim\u0117ti \u017daidimo prizus, MAXIMOS tinkle Lietuvos Respublikos teritorijoje, \u017daidimo metu reikia pirkti prek\u0117s \u017eenklo HALLS (toliau \u2013 HALLS) produkcij\u0105, nurodyt\u0105 \u0161i\u0173 taisykli\u0173 3 punkte, ne ma\u017eiau nei 3 vnt., ir registruotis u\u017epildant registracijos form\u0105 tinklapyje <a href=\"http:\/\/www.mondelezpromo.com\/\">www.mondelezpromo.com<\/a>.<br>1.4.Apie priz\u0173 laim\u0117jim\u0105 dalyvis su\u017eino po \u017daidimo pabaigos, tinklapyje <a href=\"http:\/\/www.mondelezpromo.com\/\">www.mondelezpromo.com<\/a>, taip pat organizatorius dalyviui prane\u0161t\u0173 telefono numeriu arba elektroniniu pa\u0161tu, nurodytu registracijos anketoje tinklapyje <a href=\"http:\/\/www.mondelezpromo.com\/\">www.mondelezpromo.com<\/a>. Laim\u0117tojai taip pat gali b\u016bti skelbiami svetain\u0117je <a href=\"http:\/\/www.mondelezpromo.com\/\">www.mondelezpromo.com<\/a>.<br>1.5. \u017daidime u\u017eregistruotus pirkimo \u010dekius ar s\u0105skaitas b\u016btina saugoti iki \u017daidimo pabaigos ir privaloma pateikti atsiimant prizus. Organizatorius turi teis\u0119 nei\u0161duoti \u017daidimo dalyviui prizo, jei jis nepateikia pirkimo dokumento.<br>1.6. Informacija apie \u017daidim\u0105 skelbiama interneto svetain\u0117je <a href=\"http:\/\/www.mondelezpromo.com\/\">www.mondelezpromo.com<\/a>.<br>1.7. Dalyvaudami \u017daidime dalyviai sutinka, kad \u017daidimo Organizatorius tvarkyt\u0173 ir naudot\u0173 j\u0173 asmens duomenis kaip nurodyta \u0161iose taisykl\u0117se, taip pat sutinka laikytis nurodyt\u0173 taisykli\u0173 ir organizatori\u0173 sprendim\u0173.<\/p>\n\n\n\n<p class=\"has-text-align-center\"><strong>2. \u017daidimo prizai<\/strong><\/p>\n\n\n\n<p>2.1. \u017daidimo prizai (toliau kiekvienas atskirai \u2013 Prizas, o visi kartu \u2013 prizai):<br>2.1.1. 50 vnt., 20 \u20ac vert\u0117s MAXIMA dovan\u0173 kortel\u0117s.<br>2.1.2. pagrindinis prizas \u2013 1500 \u20ac piniginis prizas.<br>2.2. Prizai \u012f kitus prizus ar \u012f pinigin\u012f ekvivalent\u0105 nekei\u010diami.<\/p>\n\n\n\n<p class=\"has-text-align-center\"><strong>3. \u017daidime dalyvaujan\u010dios prek\u0117s<\/strong><\/p>\n\n\n\n<p class=\"has-text-align-left\"><br>3.1. \u017daidimo prek\u0117s, kurias \u012fsigyjant galima dalyvauti \u017eaidime &#8211; ledinukai HALLS MAXIMA prekybos vietose Lietuvos Respublikos teritorijoje:<\/p>\n\n\n\n<figure class=\"wp-block-table\"><table><tbody><tr><td>50985098<\/td><td>Halls Extra Strong 33,5g<\/td><\/tr><tr><td>50985104<\/td><td>Halls Honey Lemon 33,5g<\/td><\/tr><tr><td>50960767<\/td><td>Halls Forest Fruit 33,5g<\/td><\/tr><tr><td>59070689<\/td><td>Halls Fresh Lime 33.5g<\/td><\/tr><tr><td>50985081<\/td><td>Halls Coolwave 33,5g<\/td><\/tr><tr><td>57030937<\/td><td>Halls Colors 33,5g<\/td><\/tr><tr><td>57030975<\/td><td>Halls Cola 32g<\/td><\/tr><tr><td>57030982<\/td><td>Halls Lemon Ice Tea 32 g<\/td><\/tr><tr><td>85925052<\/td><td>Halls Fruitwave Strawberry 45g<\/td><\/tr><tr><td>85925045<\/td><td>Halls Fruitwave Peach 45g<\/td><\/tr><\/tbody><\/table><\/figure>\n\n\n\n<p>3.2. \u017daidimo preki\u0173, kurias \u012fsigyjant galima dalyvauti \u017daidime, skai\u010dius neribojamas.<\/p>\n\n\n\n<p class=\"has-text-align-center\"><br><strong>4. \u017daidimo eiga<\/strong><\/p>\n\n\n\n<p class=\"has-text-align-left\">4.1. Registracijos \u012f \u017daidim\u0105 laikotarpiu, t. y., nuo 2026 m. vasario 24 d. iki 2026 m. kovo 9 d. (imtinai), jame norintys dalyvauti asmenys vienu pirkimu turi nusipirkti bet kurias \u017daidimo prekes, nurodytas Taisykli\u0173 3 punkte viso ne ma\u017eiau, nei 3 vnt., bet kurioje MAXIMA prekybos vietoje, visoje Lietuvos Respublikos teritorijoje, i\u0161saugoti pirkimo dokument\u0105 (kvit\u0105 ar s\u0105skait\u0105) (toliau \u2013 Pirkimo dokumentas), ir nuo 2026 m. vasario 24 d. 00.01 val. iki 2026 m. kovo 9 d. 23:59 val. u\u017esiregistruoti puslapyje <a href=\"http:\/\/www.mondelezpromo.com\/\">www.mondelezpromo.com<\/a>, u\u017epildant registracijos form\u0105.<br>4.2. Registracijos formoje nurodomas vardas, pavard\u0117, \u017daidimo dalyvio telefono numeris, el. pa\u0161tas bei pirkimo kvito ar s\u0105skaitos numeris. Registracijos metu \u012fkeliama ai\u0161kiai matoma pirkimo dokumento kopija. Jei pirkimo dokumentas neatitinka \u0161iose Taisykl\u0117se nurodyt\u0173 s\u0105lyg\u0173, prizas n\u0117ra i\u0161duodamas.<br>4.3. Ne v\u0117liau kaip per 7 dienas po registracijos pabaigos, t. y. ne v\u0117liau kaip 2026 m. kovo 16 d., atsitiktine tvarka i\u0161renkamas pagrindinio Prizo laim\u0117tojas bei kit\u0173 priz\u0173 laim\u0117tojai<\/p>\n\n\n\n<p class=\"has-text-align-center\"><br><strong>5. Priz\u0173 \u012fteikimas<\/strong><\/p>\n\n\n\n<p>5.1. Apie laim\u0117t\u0105 momentin\u012f priz\u0105 dalyvis informuojamas po \u017daidimo pabaigos., ne v\u0117liau nei kovo 16 d. D\u0117l laim\u0117to pagrindinio prizo perdavimo Organizatorius su priz\u0173 laim\u0117toju susisiekia elektoriniu pa\u0161tu \u017daidime registruotu el. pa\u0161tu. Atsiimant prizus privaloma pateikti laim\u0117jim\u0105 \u012frodant\u012f \u010dek\u012f. Jei laim\u0117tojas neturi laim\u0117jim\u0105 patvirtinan\u010dio \u017daidimo taisykles atitinkan\u010dio \u017daidimo pirkimo dokumento, \u017daidimo organizatorius atsitiktin\u0117s atrankos b\u016bdu atrenka kit\u0105 prizo laim\u0117toj\u0105.<br>5.2. Prizus galima atsiimti ne v\u0117liau kaip iki 2026 m. kovo 30 dienos.<br>5.3. Prizus 50 vnt., 20 \u20ac vert\u0117s dovan\u0173 korteles laim\u0117tojams siun\u010diama \u012f pasirinkt\u0105 \u201eVenipak\u201c pa\u0161tomat\u0105. Tokiu atveju laim\u0117tojas turi nurodyti pasirenkamo pa\u0161tomato adres\u0105. Laim\u0117tas pagrindinis prizas bus pristatomas (pervedamas) laim\u0117tojui \u012f jo nurodyt\u0105 banko s\u0105skait\u0105 Prie\u0161 pristatant prizus laim\u0117tojas privalo atsi\u0173sti geros kokyb\u0117s (ai\u0161kiai matomas \u010dekio numeris, data ir pirktas \u017daidimo produktas) pirkimo dokumento kopij\u0105 bei nurodyti banko s\u0105skait\u0105 Organizatoriaus nurodytu el. pa\u0161tu.<br>5.4. Pagrindinio prizo \u012fteikimas laim\u0117tojui \u012fforminamas perdavimo aktu. Su priz\u0173 laim\u0117jimu susijusius mokes\u010dius sumoka Organizatorius. Atsiimdamas pagrindin\u012f priz\u0105 laim\u0117tojas perdavimo akte turi nurodyti savo asmens kod\u0105. Nenurod\u017eius privalom\u0173 duomen\u0173, prizas ne\u012fteikiamas. Asmens kodas turi b\u016bti nurodytas, kad \u017eaidimo Organizatorius gal\u0117t\u0173 sumok\u0117ti taikomus mokes\u010dius.<br>5.5. Gav\u0119 priz\u0105 ir pasira\u0161\u0119 pri\u0117mimo\u2013perdavimo akt\u0105 (ar kitaip patvirtin\u0119 prizo gavim\u0105), priz\u0173 laim\u0117tojai negali reik\u0161ti \u017daidimo Organizatoriui ar jo \u012fgaliotai \u0161aliai pretenzij\u0173 d\u0117l prizo. Priz\u0173 kokyb\u0117s garantijos Organizatorius ir\/ar U\u017esakovas nesuteikia; garantij\u0105 suteikia Priz\u0173 gamintojas pagal teis\u0117s aktuose numatytus reikalavimus.<br>5.6.Priz\u0173 pristatymo paslaug\u0173 i\u0161laidas padengia \u017daidimo Organizatorius. Organizatorius ir U\u017esakovas neatsako, jei prizai nepristatomi d\u0117l laim\u0117toj\u0173 klaidingai, netiksliai nurodyto prizo pristatymo adreso. Prizai pristatomi tik Lietuvos teritorijoje.<br>5.7. Su prizo atsi\u0117mimu susijusios \u0161iose Taisykl\u0117se nenurodytos papildomos i\u0161laidos, pavyzd\u017eiui, prizo savaranki\u0161ko atsi\u0117mimo ar pakartotinio pristatymo i\u0161laidos nepri\u0117mus kurjerio siuntos, su Organizatoriumi susiderinus kit\u0105 prizo perdavimo tvark\u0105 \u2013 tokio pristatymo i\u0161laidos, telefono pokalbi\u0173 i\u0161laidos ir bet kokios kitos Taisykl\u0117se nenurodytos i\u0161laidos priz\u0173 laim\u0117tojams nepadengiamos ir neatlyginamos. Organizatorius ir U\u017esakovas neatsako, jeigu prizas ne\u012fteikiamas d\u0117l laim\u0117tojo kalt\u0117s ar d\u0117l kit\u0173 nuo laim\u0117tojo priklausan\u010di\u0173 prie\u017eas\u010di\u0173 (pavyzd\u017eiui, laim\u0117tojas nerandamas prizo pristatymo vietoje, kurjeris negali susisiekti su laim\u0117toju, laim\u0117tojas nurodytu laiku nepasiima prizo, nurodo neteising\u0105 adres\u0105 ar bet kokiais kitais atvejais); tokiu atveju Organizatorius neprivalo bandyti \u012fteikti \/ i\u0161si\u0173sti prizo laim\u0117tojui pakartotinai. Pakartotinai prizas gali b\u016bti i\u0161siun\u010diamas \/ i\u0161duodamas laim\u0117tojui Organizatoriaus pasirinkimu (t. y. Organizatorius turi teis\u0119, bet ne pareig\u0105 pakartotinai pristatyti \/ i\u0161duoti priz\u0105 laim\u0117tojui) ir tik laim\u0117tojui i\u0161 anksto apmok\u0117jus visas pakartotinio ir d\u0117l nepavykusio prizo pristatymo Organizatoriaus patirtas i\u0161laidas. Jeigu prizas ne\u012fteikiamas d\u0117l laim\u0117tojo kalt\u0117s ar d\u0117l kit\u0173 nuo laim\u0117tojo priklausan\u010di\u0173 prie\u017eas\u010di\u0173 antr\u0105 kart\u0105, prizas laim\u0117tojui nei\u0161duodamas. Organizatorius neatsako u\u017e kurjeri\u0173 \/ tre\u010di\u0173j\u0173 \u0161ali\u0173 teikiam\u0173 prizo pristatymo paslaug\u0173 kokyb\u0119.<br>5.8. Jeigu laim\u0117tojas, atvyk\u0119s atsiimti prizo, negali pateikti \u017daidimo pirkimo dokumento, arba jei kyla \u012ftarim\u0173 d\u0117l jo tikrumo, prizas laim\u0117tojui neatiduodamas ir pretenzijos i\u0161 jo nepriimamos.<br>5.9. Laim\u0117ti Prizai, kuri\u0173 nepavyko \u012fteikti laim\u0117tojui ir\/ar kuri\u0173 neatsiima laim\u0117tojas, gr\u0105\u017einami U\u017esakovui<\/p>\n\n\n\n<p class=\"has-text-align-center\"><br><strong>6. Kitos s\u0105lygos<\/strong><\/p>\n\n\n\n<p>6.1. \u017daidimo pirkimo dokument\u0105 b\u016btina saugoti iki priz\u0173 atsi\u0117mimo.<br>6.2. Registracija <a href=\"http:\/\/www.mondelezpromo.com\/\">www.mondelezpromo.com<\/a> yra nemokama. \u017daidim\u0173 laim\u0117tojai nustatomi atsitiktine tvarka.<br>6.3. Organizatorius turi teis\u0119 vie\u0161ai svetain\u0117je <a href=\"http:\/\/www.mondelezpromo.com\/\">www.mondelezpromo.com<\/a> skelbti laim\u0117toj\u0173 vardus ir pavardes.<br>6.4. Dalyvaudami \u017daidime, dalyviai sutinka laikytis nurodyt\u0173 taisykli\u0173 ir organizatori\u0173 sprendim\u0173.<br>6.5. Vien\u0105 pirkimo dokument\u0105 galima u\u017eregistruoti tik vien\u0105 kart\u0105.<br>6.6. \u017daidimo organizatoriai pasilieka teis\u0119 keisti \u017daidimo s\u0105lygas i\u0161 anksto informavus apie tai vie\u0161ai internetin\u0117je svetain\u0117je <a href=\"http:\/\/www.mondelezpromo.com\/\">www.mondelezpromo.com<\/a>.<br>6.7. \u017daidime negali dalyvauti UAB \u201eSANITEX\u201c, UAB \u201eMAXIMA LT\u201c ir UAB \u201eMondelez Baltic\u201c darbuotojai bei j\u0173 \u0161eim\u0173 nariai.<br>6.8. \u017daidimo organizatoriai neatsako ir pretenzij\u0173 nepriima, jei u\u017esiregistruoti nepavyksta d\u0117l registracijos tvarkos nesilaikymo. Organizatorius pasilieka teis\u0119 neleisti dalyvauti ar diskvalifikuoti i\u0161 \u017daidimo Dalyv\u012f, jei yra pagrindas \u012ftarti, kad asmuo pa\u017eeid\u017eia \u012fstatymus ar \u017daidimo taisykles bei s\u0105lygas.<\/p>\n\n\n\n<p class=\"has-text-align-center\"><br><strong>7. Skund\u0173 nagrin\u0117jimo tvarka<\/strong><\/p>\n\n\n\n<p>7.1. Dalyvi\u0173 skundai d\u0117l \u017daidimo taisykli\u0173 pa\u017eeidimo gali b\u016bti pateikti ra\u0161tu, skund\u0105 su juos pagrind\u017eian\u010diais \u012frodymais siun\u010diant UAB \u201eSANITEX \u201c, \u012f. k. 110443493, adresas Raudondvario pl. 131C, LT-47501 Kaunas arba el. pa\u0161tu mondelezloterija@sanitex.eu. Skundai turi b\u016bti pateikiami ne v\u0117liau kaip per 7 dienas nuo pa\u017eeidimo \u012fvykdymo dienos, ta\u010diau bet kuriuo atveju ne v\u0117liau kaip iki 2026 m. kovo 30 d.<br>7.2. Organizatorius pagr\u012fstus skundus i\u0161nagrin\u0117ja ir \u012f juos atsako per 30 darbo dien\u0173 laikotarp\u012f, skai\u010diuojant nuo ra\u0161ti\u0161ko skundo gavimo dienos.<\/p>\n\n\n\n<p class=\"has-text-align-center\"><br><strong>8. Duomen\u0173 apsauga<\/strong><\/p>\n\n\n\n<p>8.1. \u017daidimo metu renkam\u0173 duomen\u0173 valdytojas \u2013 U\u017esakovas UAB \u201eMondelez Baltic\u201c , registracijos kodas 303046543, Kaunas, Taikos pr. 88, LT-51182. Duomen\u0173 tvarkytojas &#8211; \u017eaidimo Organizatorius UAB \u201eSANITEX\u201c, registracijos kodas 110443493, Raudondvario pl. 131, Kaunas, el. pa\u0161tas privacy@sanitex.eu.<br>8.2. \u017daidimo vykdymo tikslu renkami ir tvarkomi \u0161ie \u017daidimo dalyvi\u0173 asmens duomenys:<br>8.2.1. Vardas ir pavard\u0117;<br>8.2.2. Asmens kodas ir atsiskaitomoji banko s\u0105skaita (tik pagrindin\u012f priz\u0105 laim\u0117jusio \u017daidimo dalyvio);<br>8.2.3. Telefono numeris;<br>8.2.4. El. pa\u0161to adresas;<br>8.2.5. Pa\u0161tomato adresas laim\u0117to momentinio prizo pristatymui (jei \u017daidimo dalyvis pra\u0161o laim\u0117t\u0105 Priz\u0105 pristatyti \u012f \u201eVenipak\u201c pa\u0161tomat\u0105)<br>8.3. Dalyvaudami \u017daidime dalyviai patvirtina, kad sutinka su \u0161iomis Taisykl\u0117mis ir kad \u017daidimo Organizatorius ir jo paskirti asmenys gali tvarkyti j\u0173 duomenis \u017daidimo organizavimo ir kitais \u017eemiau nurodytais tikslais.<br>8.4. \u017daidimo dalyvis, kuris registracijos formoje tinklapyje <a href=\"http:\/\/www.mondelezpromo.com\/\">www.mondelezpromo.com<\/a> nepateiks registracijos formoje nurodyt\u0173 duomen\u0173, negal\u0117s dalyvauti \u017daidime.<br>8.5. \u017daidimo metu surinkti asmens duomenys valdomi asmens sutikimo pagrindu, kuris i\u0161rei\u0161kiamas u\u017epildant registracijos form\u0105 tinklapyje <a href=\"http:\/\/www.mondelezpromo.com\/\">www.mondelezpromo.com<\/a>. \u017daidimo dalyvis turi teis\u0119 bet kuriuo metu kreipdamasis elektroniniu pa\u0161tu <a href=\"mailto:privacy@sanitex.eu\">privacy@sanitex.eu<\/a> at\u0161aukti savo sutikim\u0105 rinkti ir tvarkyti savo asmens duomenis, nedarant poveikio jo duomen\u0173 rinkimo ir tvarkymo iki sutikimo at\u0161aukimo teis\u0117tumui. \u017daidimo dalyviui at\u0161aukus savo sutikim\u0105, \u017daidimo dalyvis yra i\u0161braukiamas i\u0161 dalyvi\u0173 s\u0105ra\u0161o ir \u017daidime nebedalyvauja.<br>8.6. \u017daidimo dalyvi\u0173 duomenys yra naudojami \u0161iais tikslais:<br>8.6.1. informacijos, susijusios su \u017daidimu, teikimui, tvarkymui ir apdorojimui;<br>8.6.2. \u017daidimo vykdymui;<br>8.6.3. \u017daidimo kokyb\u0117s u\u017etikrinimui;<br>8.6.4. problem\u0173, susijusi\u0173 su \u017daidimo vykdymu, sprendimui;<br>8.6.5. priz\u0173 \u017daidimo laim\u0117tojams pristatymui ir atsi\u0117mimui;<br>8.6.6. mokes\u010di\u0173 u\u017e \u017daidimo priz\u0173 laim\u0117jus\u012f dalyv\u012f sumok\u0117jimui;<br>8.6.7. kitais teis\u0117tais su \u017daidimo vykdymu susijusiais tikslais.<br>8.7. \u017daidimo dalyvi\u0173 duomenys gali b\u016bti perduoti tre\u010diosioms \u0161alims tiek, kiek tai yra susij\u0119 su \u017daidim\u0173 vykdymu:<br>8.7.1. Teis\u0117tiems duomen\u0173 tvarkytojams teikiami dalyvi\u0173 duomenys, reikalingi \u017daidimo laim\u0117tojams i\u0161rinkti, juos administruoti e.puslapyje, su jais susisiekti bei perduoti prizus;<br>8.7.2. Siunt\u0173 pristatymo tarnyboms teikiami dalyvi\u0173 duomenys, reikalingi \u017daidimo priz\u0173 pristatymui;<br>8.7.3. Valstybin\u0117ms institucijoms teikiami dalyvi\u0173 duomenys, reikalingi taikom\u0173 mokes\u010di\u0173 sumok\u0117jimui;<br>8.7.4. kitais teis\u0117tais Lietuvos Respublikos \u012fstatymuose apibr\u0117\u017etais atvejais ir tvarka.<br>8.8. Dalyvi\u0173 asmens duomenys saugomi tris m\u0117nesius po \u017daidimo pabaigos, i\u0161skyrus duomenis, reikalingus taikom\u0173 mokes\u010di\u0173 u\u017e \u017daidimo priz\u0105 laim\u0117jus\u012f dalyv\u012f sumok\u0117jimui, kurie saugomi 10 met\u0173 po \u017daidimo pabaigos.<br>8.9. \u017daidimo dalyvis turi teis\u0119 kreiptis \u012f Organizatori\u0173 elektroniniu pa\u0161tu <a href=\"mailto:privacy@sanitex.eu\">privacy@sanitex.eu<\/a> ir pra\u0161yti, kad Organizatorius leist\u0173 susipa\u017einti su surinktais savo asmens duomenimis bei juos i\u0161taisyt\u0173, jeigu Organizatoriaus turimi duomenys yra neteisingi ar netiksl\u016bs, juos i\u0161trint\u0173 arba apribot\u0173 duomen\u0173 tvarkym\u0105, taip pat perkelt\u0173 duomenis. Jeigu \u012fvykd\u017eius dalyvio pra\u0161ym\u0105 yra apsunkinamas tokio asmens dalyvavimas \u017daidime, dalyvis yra i\u0161braukiamas i\u0161 dalyvi\u0173 s\u0105ra\u0161o ir \u017daidime nebedalyvauja.<br>\u017daidimo dalyviai turi \u0161ias teises: \u017einoti (b\u016bti informuotas) apie savo asmens duomen\u0173 tvarkym\u0105; gauti informacij\u0105, i\u0161 koki\u0173 \u0161altini\u0173 ir kokie asmens duomenys surinkti, kokiu tikslu jie tvarkomi, kokiems duomen\u0173 gav\u0117jams teikiami ir buvo teikti per duomen\u0173 tvarkymo laikotarp\u012f; reikalauti i\u0161taisyti, sunaikinti savo asmens duomenis arba sustabdyti savo asmens duomen\u0173 tvarkymo veiksmus, kai duomenys tvarkomi nesilaikant Asmens duomen\u0173 apsaugos teis\u0117s akt\u0173, bet kuriuo metu atsisakyti dalyvauti \u017daidime, kitas Asmens duomen\u0173 apsaugos teis\u0117s aktuose nurodytas teises. Jeigu \u017daidimo dalyvis mano, kad vykdant \u0161\u012f \u017daidim\u0105 yra pa\u017eeid\u017eiamos jo teis\u0117s, susijusios su duomen\u0173 apsauga, dalyvis turi teis\u0119 pateikti skund\u0105 prie\u017ei\u016bros institucijai: Valstybinei duomen\u0173 apsaugos inspekcijai, adresas A. Juozapavi\u010diaus g. 6, 09310 Vilnius, Tel. (8 5) 271 2804, 279 1445, El. pa\u0161tas ada@ada.lt.<\/p>\n","protected":false},"excerpt":{"rendered":"<p>1. Bendrosios taisykl\u0117s 1.1. UAB \u201eSANITEX\u201c, juridinio asmens kodas 110443493, (toliau \u2013 Organizatorius) organizuojamas \u017eaidimas HALLS loterija (toliau \u2013 \u017daidimas) vyksta nuo 2026 m. vasario 24 d. iki 2026 m. kovo 09 d. (imtinai).1.2. \u017daidimo u\u017esakovas \u2013 UAB \u201eMondelez Baltic\u201c (toliau \u2013 U\u017esakovas).1.3. Norint dalyvauti ir laim\u0117ti \u017daidimo prizus, MAXIMOS tinkle Lietuvos Respublikos teritorijoje, \u017daidimo [&hellip;]<\/p>\n","protected":false},"author":1,"featured_media":0,"parent":0,"menu_order":0,"comment_status":"closed","ping_status":"closed","template":"page-home.php","meta":{"_acf_changed":false,"footnotes":""},"class_list":["post-28","page","type-page","status-publish","hentry"],"acf":[],"_links":{"self":[{"href":"https:\/\/mondelezpromo.com\/halls-maxima-lt\/wp-json\/wp\/v2\/pages\/28","targetHints":{"allow":["GET"]}}],"collection":[{"href":"https:\/\/mondelezpromo.com\/halls-maxima-lt\/wp-json\/wp\/v2\/pages"}],"about":[{"href":"https:\/\/mondelezpromo.com\/halls-maxima-lt\/wp-json\/wp\/v2\/types\/page"}],"author":[{"embeddable":true,"href":"https:\/\/mondelezpromo.com\/halls-maxima-lt\/wp-json\/wp\/v2\/users\/1"}],"replies":[{"embeddable":true,"href":"https:\/\/mondelezpromo.com\/halls-maxima-lt\/wp-json\/wp\/v2\/comments?post=28"}],"version-history":[{"count":11,"href":"https:\/\/mondelezpromo.com\/halls-maxima-lt\/wp-json\/wp\/v2\/pages\/28\/revisions"}],"predecessor-version":[{"id":94,"href":"https:\/\/mondelezpromo.com\/halls-maxima-lt\/wp-json\/wp\/v2\/pages\/28\/revisions\/94"}],"wp:attachment":[{"href":"https:\/\/mondelezpromo.com\/halls-maxima-lt\/wp-json\/wp\/v2\/media?parent=28"}],"curies":[{"name":"wp","href":"https:\/\/api.w.org\/{rel}","templated":true}]}}