{"id":54,"date":"2026-01-08T06:42:47","date_gmt":"2026-01-08T06:42:47","guid":{"rendered":"http:\/\/mondelezpromo.com\/halls-maxima-ee\/?page_id=54"},"modified":"2026-01-29T08:02:26","modified_gmt":"2026-01-29T08:02:26","slug":"homepage-ee","status":"publish","type":"page","link":"https:\/\/mondelezpromo.com\/halls-maxima-ee\/","title":{"rendered":"Homepage EE"},"content":{"rendered":"\n<p><br>Sanitex Estonia O\u00dc Halls ja Maxima tarbijam\u00e4ngu kampaaniareeglid<br>Osta v\u00e4hemalt 3 Halls toodet, registreeri ost <a href=\"https:\/\/mondelezpromo.com\/\" target=\"_blank\" rel=\"noreferrer noopener\">https:\/\/mondelezpromo.com\/<\/a> ja v\u00f5id v\u00f5ita auhindu.<\/p>\n\n\n\n<p>1. Halls tarbijam\u00e4ng (edaspidi Kampaania) leiab aset k\u00f5ikides Maxima kauplustes ajavahemikul 03.02.2026 \u2013 16.02.2026<\/p>\n\n\n\n<p>2.  Kampaania <strong>Korraldaja<\/strong> on Sanitex O\u00dc (Koost\u00f6\u00f6s Briiny Marketing O\u00dc), registrikood 11931003, aadress: Graniidi tee 1, Rae k\u00fcla, Rae vald, Harjumaa, Eesti, 75310.<\/p>\n\n\n\n<p>3. Kampaania tellija on UAB \u201eMondelez Baltic\u201c (edaspidi <strong>Tellija<\/strong>).<\/p>\n\n\n\n<p>4. Kampaania reeglid on avaldatud veebilehel <a href=\"https:\/\/mondelezpromo.com\/\" target=\"_blank\" rel=\"noreferrer noopener\">https:\/\/mondelezpromo.com\/<\/a><\/p>\n\n\n\n<p>5. Kokku loositakse 51 auhinda, mis sisaldavad:<br>5.1. 1 x 1000\u20ac<br>5.2. 50 x 20\u20ac v\u00e4\u00e4rtuses Maxima kinkekaart<\/p>\n\n\n\n<p>6. Kampaanias osalemiseks ja auhindade v\u00f5itmiseks tuleb kampaania perioodil osta Eesti Vabariigi territooriumil asuvates MAXIMA kauplustes v\u00e4hemalt 3 HALLS-i kaubam\u00e4rgi tooteid, mis on loetletud punktis 7, ning registreeruda, t\u00e4ites registreerimisvormi veebilehel <a href=\"https:\/\/mondelezpromo.com\/\">https:\/\/mondelezpromo.com\/<\/a>. Kampaanias osaleja peab s\u00e4ilitama ostut\u0161eki \/ kviitungi ostu t\u00f5endamiseks kuni 16.03.2026<\/p>\n\n\n\n<p>7. Tooted, mis osalevad kampaanias:<\/p>\n\n\n\n<figure class=\"wp-block-table\"><table class=\"has-fixed-layout\"><tbody><tr><td>50985098<\/td><td>Halls Extra Strong 33,5g<\/td><\/tr><tr><td>50985104<\/td><td>Halls Honey Lemon 33,5g<\/td><\/tr><tr><td>0960767<\/td><td>Halls Forest Fruit 33,5g<\/td><\/tr><tr><td>59070689<\/td><td>Halls Fresh Lime 33.5g<\/td><\/tr><tr><td>50985081<\/td><td>Halls Coolwave 33,5g<\/td><\/tr><tr><td>57030937<\/td><td>Halls Colors 33,5g<\/td><\/tr><tr><td>57030975<\/td><td>Halls Cola 32g<\/td><\/tr><tr><td>57030982<\/td><td>Halls Lemon Ice Tea 32 g<\/td><\/tr><tr><td>85925052<\/td><td>Halls Fruitwave Strawberry 45g<\/td><\/tr><tr><td>85925045<\/td><td>Halls Fruitwave Peach 45g<\/td><\/tr><\/tbody><\/table><\/figure>\n\n\n\n<p>8. Auhindu ei maksta v\u00e4lja rahas ega vahetata teiste auhindade vastu.<\/p>\n\n\n\n<p>9. Kampaania Korraldaja v\u00f5tab enesele vastutuse k\u00f5igi v\u00f5itudega seotud seadusj\u00e4rgsete maksude tasumise eest.<\/p>\n\n\n\n<p>10. \u00dcks ostut\u0161ekk \/ kviitung registreeritakse ainult \u00fcks kord.<\/p>\n\n\n\n<p>11. Kampaanias osaleja saab suurendada oma v\u00f5iduv\u00f5imalusi, ostes kampaaniaperioodil veelkord 3 mistahes tarbijam\u00e4ngus osalevaid tooteid ning registreerides ostut\u0161ekk \/ kviitung kampaania veebilehel https:\/\/mondelezpromo.com\/.<br>11.1. Kampaanias osalemiste arv ei ole piiratud.<\/p>\n\n\n\n<p>12. Loosimisel osalevad k\u00f5ik isikud, kes on perioodil 03.02.2026 \u2013 16.02.2026 vastavalt kampaania tingimustele sooritanud oste Maxima kauplustes.<br>12.1. Kui auhinna v\u00f5itja on alaealine, saab auhinna k\u00e4tte tema seaduslik esindaja, auhinna k\u00e4tte saamiseks on vajalik esitaja v\u00f5itja isikut t\u00f5endava dokumendi ja tema seadusliku esindaja isikut t\u00f5endava dokument (pass\/ID-kaart).<\/p>\n\n\n\n<p>13. Registreerimisvormis tuleb esitada ees- ja perekonnanimi, telefoninumber, e-posti aadress ning ostut\u0161eki v\u00f5i arve number. Registreerimisel tuleb \u00fcles laadida selge koopia ostudokumendist.<\/p>\n\n\n\n<p>14. Hiljemalt 7 p\u00e4eva jooksul p\u00e4rast registreerimise l\u00f5ppu (kuni 23.02.2026) loosib Korraldaja juhuslikult peaauhinna ja muud auhinnad.<\/p>\n\n\n\n<p>15. Osaleja saab auhinna v\u00f5itmisest teada p\u00e4rast kampaania l\u00f5ppu veebilehel<br><a href=\"http:\/\/www.mondelezpromo.com\/\">www.mondelezpromo.com<\/a>. Lisaks teavitab Korraldaja osalejat registreerimisvormis m\u00e4rgitud telefoninumbri v\u00f5i e-posti aadressi kaudu. V\u00f5itjad v\u00f5idakse avaldada ka veebilehel<br><a href=\"http:\/\/www.mondelezpromo.com\/\">www.mondelezpromo.com<\/a><\/p>\n\n\n\n<p>16. V\u00f5itjatega v\u00f5etakse p\u00e4rast v\u00f5itjate v\u00e4ljaselgitamist kampaania veebilehel<br><a href=\"https:\/\/mondelezpromo.com\/\" target=\"_blank\" rel=\"noreferrer noopener\">https:\/\/mondelezpromo.com\/<\/a> sisestatud kontaktandmetel (e-post, telefon) \u00fchendust hiljemalt seitsme t\u00f6\u00f6p\u00e4eva jooksul peale punktis 14. toodud loosimise kuup\u00e4eva.<\/p>\n\n\n\n<p>17. V\u00f5itjale saadetakse auhinna k\u00e4ttesaamise kohta infokiri e-postile v\u00f5i telefoninumbrile, misj\u00e4rel v\u00f5itja peab korraldajaga \u00fchendust v\u00f5tma ja t\u00e4psustama auhinna k\u00e4ttesaamise detailid.<\/p>\n\n\n\n<p>18. Juhul kui v\u00f5itjaga ei ole \u00f5nnestunud \u00fchendust saada enne 16.03.2026, on Korraldajal \u00f5igus auhinda mitte v\u00e4ljastada.<\/p>\n\n\n\n<p>19. Kui ostudokumenti ei esitata v\u00f5i selle ehtsus on kahtlane, auhinda ei v\u00e4ljastata.<\/p>\n\n\n\n<p>20.  V\u00e4lja v\u00f5tmata auhindade puhul valitakse lisaloosiga uus v\u00f5itja.<\/p>\n\n\n\n<p>21. P\u00e4rast 16.03.2026 auhindu enam ei v\u00e4ljastata.<\/p>\n\n\n\n<p>22. Maksud tasub Korraldaja. K\u00f5ik v\u00f5itjad peab esitama oma isikukoodi.<\/p>\n\n\n\n<p>23. M\u00e4ngus osaledes n\u00f5ustuvad osalejad, et Korraldaja t\u00f6\u00f6tleb ja kasutab nende isikuandmeid vastavalt k\u00e4esolevatele reeglitele ning kohustuvad j\u00e4rgima reegleid ja Korraldaja otsuseid.<\/p>\n\n\n\n<p>24. Ostudokument tuleb s\u00e4ilitada kuni auhinna k\u00e4ttesaamiseni.<\/p>\n\n\n\n<p>25. Registreerimine on tasuta.<\/p>\n\n\n\n<p>26. V\u00f5itjate nimed v\u00f5idakse avaldada veebilehel.<\/p>\n\n\n\n<p>27. \u00dchte ostudokumenti saab registreerida ainult \u00fcks kord.<\/p>\n\n\n\n<p>28. Korraldajal on \u00f5igus Kampaania tingimusi muuta.<\/p>\n\n\n\n<p>29. Kampaanias ei tohi osaleda SANITEXi, MAXIMA EE ega Mondelez Balticu t\u00f6\u00f6tajad ja nende pereliikmed.<\/p>\n\n\n\n<p>30. Osalejate kaebusi kampaania reeglite rikkumiste kohta saab esitada kirjalikult, saates kaebuse koos t\u00f5endusmaterjalidega aadressile Sanitex O\u00dc, registrikood 11931003, aadress: Graniidi tee 1, Rae k\u00fcla, Rae vald, Harjumaa, Eesti, 75310 v\u00f5i e-posti teel aadressile <a href=\"mailto:marii.m@sanitex.eu\">marii.m@sanitex.eu<\/a>. Kaebused tuleb esitada hiljemalt 7 p\u00e4eva jooksul alates rikkumise kuup\u00e4evast, kuid igal juhul mitte hiljem kui 16. m\u00e4rtsil 2026.<\/p>\n\n\n\n<p>31. Korraldaja vaatab p\u00f5hjendatud kaebused l\u00e4bi ja vastab neile 30 t\u00f6\u00f6p\u00e4eva jooksul alates kirjaliku kaebuse k\u00e4ttesaamisest.<\/p>\n\n\n\n<p>32. Kampaania k\u00e4igus kogutud andmete vastutav t\u00f6\u00f6tleja on UAB \u201eMondelez Baltic\u201c, registrikood 303046543, aadress Taikos pr. 88, LT-51182 Kaunas. Isikuandmete volitatud t\u00f6\u00f6tleja on Sanitex O\u00dc, registrikood 11931003, aadress: Graniidi tee 1, Rae k\u00fcla, Rae vald, Harjumaa, Eesti, 75310.<\/p>\n\n\n\n<p>33. Kampaania l\u00e4biviimise eesm\u00e4rgil kogutakse ja t\u00f6\u00f6deldakse j\u00e4rgmisi m\u00e4ngus osalejate isikuandmeid:<br>33.1. ees- ja perekonnanimi;<br>33.2. isikukood ja pangakonto number (ainult m\u00e4ngu peaauhinna v\u00f5itja puhul);<br>33.3. telefoninumber;<br>33.4. e-posti aadress;<br>33.5. postiaadress auhinna k\u00e4ttetoimetamiseks (juhul kui m\u00e4ngus osaleja soovib, et auhind toimetataks DPD pakiautomaati).<\/p>\n\n\n\n<p>34. Kampaanias osaledes kinnitavad osalejad, et nad n\u00f5ustuvad k\u00e4esolevate reeglitega ning annavad n\u00f5usoleku, et m\u00e4ngu korraldaja ja tema volitatud isikud t\u00f6\u00f6tlevad nende isikuandmeid kampaania korraldamise eesm\u00e4rgil ning muudel allpool nimetatud eesm\u00e4rkidel.<\/p>\n\n\n\n<p>35. Kampaanias ei saa osaleda need isikud, kes ei esita registreerimisvormis veebilehel<br><a href=\"http:\/\/www.mondelezpromo.com\/\">www.mondelezpromo.com<\/a> n\u00f5utud andmeid.<\/p>\n\n\n\n<p>36. Kampaania k\u00e4igus kogutud isikuandmeid t\u00f6\u00f6deldakse isiku n\u00f5usoleku alusel, mis antakse registreerimisvormi t\u00e4itmisega veebilehel <a href=\"http:\/\/www.mondelezpromo.com\/\">www.mondelezpromo.com<\/a>. Kampaanias osalejal on \u00f5igus oma n\u00f5usolek isikuandmete kogumiseks ja t\u00f6\u00f6tlemiseks igal ajal tagasi v\u00f5tta, saates e-kirja aadressile<br><a href=\"mailto:privacy@sanitex.eu\">privacy@sanitex.eu<\/a>, ilma et see m\u00f5jutaks enne n\u00f5usoleku tagasiv\u00f5tmist toimunud andmete kogumise ja t\u00f6\u00f6tlemise seaduslikkust. P\u00e4rast n\u00f5usoleku tagasiv\u00f5tmist eemaldatakse osaleja osalejate nimekirjast ning ta ei osale enam kampaanias.<\/p>\n\n\n\n<p>37. Kampaanias osalejate andmeid kasutatakse j\u00e4rgmistel eesm\u00e4rkidel:<br>37.1. kampaaniaga seotud teabe edastamiseks, haldamiseks ja t\u00f6\u00f6tlemiseks;<br>37.2. kampaania l\u00e4biviimiseks;<br>37.3. kampaania kvaliteedi tagamiseks;<br>37.4. kampaania l\u00e4biviimisega seotud probleemide lahendamiseks;<br>37.5. auhindade k\u00e4ttetoimetamiseks ja \u00fcleandmiseks v\u00f5itjatele;<br>37.6. kampaania auhinna v\u00f5itnud osaleja eest maksude tasumiseks;<br>37.7. muudel kampaania l\u00e4biviimisega seotud \u00f5igusp\u00e4rastel eesm\u00e4rkidel.<\/p>\n\n\n\n<p>38. Kampaanias osalejate andmeid v\u00f5idakse edastada kolmandatele isikutele ulatuses, mis on vajalik kampaania l\u00e4biviimiseks:<br>38.1. \u00f5igusp\u00e4rastele andmet\u00f6\u00f6tlejatele edastatakse osalejate andmeid, mis on vajalikud kampaania v\u00f5itjate valimiseks, nende haldamiseks veebilehel, nendega \u00fchenduse v\u00f5tmiseks ning auhindade k\u00e4ttetoimetamiseks;<br>38.2. auhindade kohaletoimetamiseks vajalikud osalejate andmed edastatakse kuller- ja kohaletoimetamisteenuseid osutavatele ettev\u00f5tetele;<br>38.3. osalejate andmed edastatakse riigiasutustele kohaldatavate maksude tasumiseks;<br>38.4. muudel juhtudel ja Eesti Vabariigi \u00f5igusaktides s\u00e4testatud korras.<\/p>\n\n\n\n<p>39. Kampaanias osalejate isikuandmeid s\u00e4ilitatakse kolm kuud p\u00e4rast kampaania l\u00f5ppu, v\u00e4lja arvatud andmed, mis on vajalikud kampaania auhinna v\u00f5itnud osaleja eest maksude tasumiseks ning mida s\u00e4ilitatakse 10 aastat p\u00e4rast kampaania l\u00f5ppu.<\/p>\n\n\n\n<p>40. Kampaanias osalejatel on \u00f5igus p\u00f6\u00f6rduda korraldaja poole e-posti aadressil <a href=\"mailto:privacy@sanitex.eu\">privacy@sanitex.eu<\/a> ning taotleda juurdep\u00e4\u00e4su enda kogutud isikuandmetele, nende parandamist, kui andmed on eba\u00f5iged v\u00f5i ebat\u00e4psed, nende kustutamist v\u00f5i t\u00f6\u00f6tlemise piiramist, samuti andmete \u00fclekandmist. Kui osaleja taotluse t\u00e4itmine muudab tema osalemise kampaanias keeruliseks, eemaldatakse ta osalejate nimekirjast ning ta ei osale enam kampaanias.<\/p>\n\n\n\n<p>41. Kampaanias osalejatel on j\u00e4rgmised \u00f5igused: \u00f5igus olla teavitatud oma isikuandmete t\u00f6\u00f6tlemisest; \u00f5igus saada teavet kogutavate isikuandmete allikate ja liikide, t\u00f6\u00f6tlemise eesm\u00e4rkide ning andmete saajate kohta, kellele andmeid on andmet\u00f6\u00f6tluse k\u00e4igus edastatud; \u00f5igus n\u00f5uda oma isikuandmete parandamist v\u00f5i kustutamist v\u00f5i isikuandmete t\u00f6\u00f6tlemise peatamist juhul, kui andmeid t\u00f6\u00f6deldakse vastuolus isikuandmete kaitse seadustega; \u00f5igus igal ajal kampaanias osalemisest loobuda ning muud isikuandmete kaitse seadustes s\u00e4testatud \u00f5igused. Kui kampaanias osaleja leiab, et k\u00e4esoleva kampaania raames rikutakse tema andmekaitsega seotud \u00f5igusi, on tal \u00f5igus esitada kaebus j\u00e4relevalveasutusele \u2013 Andmekaitse Inspektsioonile, aadress: Tatari 39, Tallinn 10134, telefoni number <a href=\"tel:3726274135\">+3726274135<\/a> v\u00f5i e-posti teel aadressile <a href=\"mailto:info@aki.ee\">info@aki.ee<\/a><\/p>\n\n\n\n<p>42. K\u00f5ik kampaaniast tulenevad vaidlused lahendatakse vastavalt Eesti Vabariigi seadustele. V\u00e4\u00e4ramatu j\u00f5u (force majeure) ilmnemisel on Korraldajal \u00f5igus tarbijam\u00e4ng \u00fchepoolselt katkestada, teatades sellest <a href=\"https:\/\/www.maxima.ee\">www.maxima.ee<\/a> veebilehe vahendusel.<\/p>\n\n\n\n<p>43. Kampaania kohta saab lisainfot kampaania veebilehel <a href=\"https:\/\/mondelezpromo.com\/\">https:\/\/mondelezpromo.com\/<\/a> v\u00f5i e-posti aadressil <a href=\"mailto:marii.m@sanitex.eu\">marii.m@sanitex.eu<\/a>. Kirjadele vastatakse kolme t\u00f6\u00f6p\u00e4eva jooksul alates kirja k\u00e4ttesaamise kuup\u00e4evast.<\/p>\n","protected":false},"excerpt":{"rendered":"<p>Sanitex Estonia O\u00dc Halls ja Maxima tarbijam\u00e4ngu kampaaniareeglidOsta v\u00e4hemalt 3 Halls toodet, registreeri ost https:\/\/mondelezpromo.com\/ ja v\u00f5id v\u00f5ita auhindu. 1. Halls tarbijam\u00e4ng (edaspidi Kampaania) leiab aset k\u00f5ikides Maxima kauplustes ajavahemikul 03.02.2026 \u2013 16.02.2026 2. Kampaania Korraldaja on Sanitex O\u00dc (Koost\u00f6\u00f6s Briiny Marketing O\u00dc), registrikood 11931003, aadress: Graniidi tee 1, Rae k\u00fcla, Rae vald, Harjumaa, Eesti, [&hellip;]<\/p>\n","protected":false},"author":1,"featured_media":0,"parent":0,"menu_order":0,"comment_status":"closed","ping_status":"closed","template":"page-home.php","meta":{"_acf_changed":false,"footnotes":""},"class_list":["post-54","page","type-page","status-publish","hentry"],"acf":[],"_links":{"self":[{"href":"https:\/\/mondelezpromo.com\/halls-maxima-ee\/wp-json\/wp\/v2\/pages\/54","targetHints":{"allow":["GET"]}}],"collection":[{"href":"https:\/\/mondelezpromo.com\/halls-maxima-ee\/wp-json\/wp\/v2\/pages"}],"about":[{"href":"https:\/\/mondelezpromo.com\/halls-maxima-ee\/wp-json\/wp\/v2\/types\/page"}],"author":[{"embeddable":true,"href":"https:\/\/mondelezpromo.com\/halls-maxima-ee\/wp-json\/wp\/v2\/users\/1"}],"replies":[{"embeddable":true,"href":"https:\/\/mondelezpromo.com\/halls-maxima-ee\/wp-json\/wp\/v2\/comments?post=54"}],"version-history":[{"count":5,"href":"https:\/\/mondelezpromo.com\/halls-maxima-ee\/wp-json\/wp\/v2\/pages\/54\/revisions"}],"predecessor-version":[{"id":89,"href":"https:\/\/mondelezpromo.com\/halls-maxima-ee\/wp-json\/wp\/v2\/pages\/54\/revisions\/89"}],"wp:attachment":[{"href":"https:\/\/mondelezpromo.com\/halls-maxima-ee\/wp-json\/wp\/v2\/media?parent=54"}],"curies":[{"name":"wp","href":"https:\/\/api.w.org\/{rel}","templated":true}]}}