{"id":199,"date":"2025-09-30T15:21:30","date_gmt":"2025-09-30T12:21:30","guid":{"rendered":"http:\/\/mondelezpromo.com\/7days-7wonders-lv\/?page_id=199"},"modified":"2025-11-14T16:20:05","modified_gmt":"2025-11-14T14:20:05","slug":"homepage-lv","status":"publish","type":"page","link":"https:\/\/mondelezpromo.com\/7days-7wonders-lv\/","title":{"rendered":"Homepage LV"},"content":{"rendered":"\n<p>1. Loterijas pre\u010du izplat\u012bt\u0101js: UAB \u201eMondelez Baltic\u201d, re\u0123istr\u0101cijas Nr. 303046543, juridisk\u0101 adrese: Taikos iela 88, Kau\u0146a, Lietuva, LT51501, turpm\u0101k \u2013 Izplat\u012bt\u0101js.<br>2. Loterijas organiz\u0113t\u0101js: SIA \u201eMagnet Promotions\u201d, re\u0123istr\u0101cijas Nr. 40003639069, juridisk\u0101 adrese: Stopi\u0146u 29, R\u012bga LV-1035, turpm\u0101k \u2013 Loterijas r\u012bkot\u0101js.<br>3. Loterijas norises teritorija: jebkura tirdzniec\u012bbas vieta vis\u0101 Latvijas Republikas teritorij\u0101. Loterij\u0101 var piedal\u012bties ikviens Latvijas Republikas iedz\u012bvot\u0101js.<br>4. Loterijas preces: jebkur\u0161 viens (1) no zem\u0101k eso\u0161aj\u0101 tabul\u0101 nor\u0101d\u012btajiem 7Days z\u012bmola produktiem, kurus var ieg\u0101d\u0101ties tirdzniec\u012bbas viet\u0101s vis\u0101 Latvijas teritorij\u0101:<\/p>\n\n\n\n<figure class=\"wp-block-table\"><table class=\"has-fixed-layout\"><tbody><tr><td><strong>Nr.<\/strong><\/td><td><strong>SV\u012aTRKODS<\/strong><\/td><td><strong>PRODUKTA NOSAUKUMS<\/strong><\/td><\/tr><tr><td>1)<\/td><td>5201360521210<\/td><td>7D with Cocoa Filling 60 g<\/td><\/tr><tr><td>2)<\/td><td>5201360527205<\/td><td>7D with Hazelnut Filling 60 g<\/td><\/tr><tr><td>3)<\/td><td>5201360522514<\/td><td>7D Double Vanilla-Cherry Filling 60 g<\/td><\/tr><tr><td>4)<\/td><td>5201360522712<\/td><td>7D Double Cocoa-Vanilla Filling 60 g<\/td><\/tr><tr><td>5)<\/td><td>5201360523924<\/td><td>7D Double Cocoa-Coconut Filling 60 g<\/td><\/tr><tr><td>6)<\/td><td>7622202029042<\/td><td>7D Double Vanilla-Strawberry Filling 60 g<\/td><\/tr><tr><td>7)<\/td><td>5201360531318<\/td><td>7D with Hazelnut-Cookies Filling 60 g<\/td><\/tr><tr><td>8)<\/td><td>5201360531332<\/td><td>7D with Vanilla-Cookies Filling 60 g<\/td><\/tr><tr><td>9)<\/td><td>7622202319402<\/td><td>7D with Cocoa Filling 5X37 g<\/td><\/tr><tr><td>10)<\/td><td>7622202317101<\/td><td>7D with Cocoa-Vanilla Filling 5X37 g<\/td><\/tr><tr><td>11)<\/td><td>7622202215537<\/td><td>7D Mini Double Cocoa-Vanilla Filling 185 g<\/td><\/tr><tr><td>12)<\/td><td>5201360543205<\/td><td>7D Mini with Cocoa Filling 185 g<\/td><\/tr><tr><td>13)<\/td><td>5201360531172<\/td><td>7D MAX with Cocoa Filling 110 g<\/td><\/tr><tr><td>14)<\/td><td>7622202346866<\/td><td>7Days&nbsp;150 g Cocoa<\/td><\/tr><\/tbody><\/table><\/figure>\n\n\n\n<p>5. Loterijas norises laiks:<br>5.1. Loterijas s\u0101kums: 2025. gada 27. oktobris Loterijas beigas: 2025. gada 2. decembris<br>5.2. 2.decembr\u012b tiks izloz\u0113tas balvas: Galven\u0101 balva (ce\u013cojuma kupons 5000.00&nbsp; (pieci t\u016bksto\u0161i) eiro v\u0113rt\u012bb\u0101, starp visiem dal\u012bbniekiem, kuri re\u0123istr\u0113ja pirkumu no 27.oktobra l\u012bdz 1.decembrim.&nbsp;17 (septi\u0146padsmit) 7Days produktu k\u0101rbas un 1400 (viens t\u016bkstotis \u010detri simti) 1 m\u0113ne\u0161a Delfi abonementi,&nbsp;<em>tiks izloz\u0113ti starp dal\u012bbniekiem, kuri re\u0123istr\u0113ju\u0161i pirkumu no<\/em>&nbsp;24.novembra&nbsp;<em>l\u012bdz&nbsp;<\/em>&nbsp;1.decembrim&nbsp;<em>plkst. 23.59.<\/em><br>6. Balvu fonds:<\/p>\n\n\n\n<figure class=\"wp-block-table\"><table class=\"has-fixed-layout\"><tbody><tr><td>Balvas<\/td><td>Skaits (gab.)<\/td><td>1 balvas v\u0113rt\u012bba (EUR)<\/td><td>Balvu kop\u0113j\u0101 v\u0113rt\u012bba (EUR)<\/td><\/tr><tr><td>7Days kruas\u0101nu kastes (kast\u0113 30 kruas\u0101ni )<\/td><td>77<\/td><td>23,80<\/td><td>1832,60<\/td><\/tr><tr><td>Delfi Plus (interneta vietnes adrese: https:\/\/www.delfi.lv) m\u0113ne\u0161a (as ir, viena m\u0113ne\u0161a) abonements<br><\/td><td>7000<\/td><td>1,49<\/td><td>10 430<\/td><\/tr><tr><td><a><\/a> <strong>Galven\u0101 balva<\/strong>: Ce\u013cojuma kupons no ce\u013cojumu a\u0123ent\u016bras AirGuru.<\/td><td>1<\/td><td>5000<\/td><td>5000<\/td><\/tr><tr><td colspan=\"3\">Balvu fonda kop\u0113j\u0101 v\u0113rt\u012bba EUR ar PVN:<\/td><td>17 262,60<\/td><\/tr><\/tbody><\/table><\/figure>\n\n\n\n<p>7.Loterijas pre\u010du skaits, ko var ieg\u0101d\u0101ties, lai piedal\u012btos Loterij\u0101, nav ierobe\u017eots.<br>7.1.Loterijas preces var b\u016bt pieejamas p\u0101rdo\u0161an\u0101 ar\u012b pirms 5. punkt\u0101 nor\u0101d\u012btaj\u0101 termi\u0146a un p\u0113c t\u0101 beig\u0101m, ta\u010du to ieg\u0101de nedod jums ties\u012bbas piedal\u012bties Loterij\u0101.<br>7.2.Tiek prognoz\u0113ts, ka Loterij\u0101 piedal\u012bsies 10 000 dal\u012bbnieku. Iesp\u0113ja laim\u0113t balvu ir 7078 (septi\u0146i t\u016bksto\u0161i septi\u0146desmit asto\u0146i) pret 10 000 (desmit t\u016bksto\u0161i).<br>8.Lai piedal\u012btos Loterij\u0101 un pretend\u0113tu uz balvu, no 2025. gada 27. oktobra l\u012bdz 2025. gada 1. decembrim vismaz 1 (viena) z\u012bmola 7days prece jebkur\u0101 tirdzniec\u012bbas viet\u0101 vis\u0101 Latvijas Republikas teritorij\u0101, j\u0101saglab\u0101 pirkumu apliecino\u0161s dokuments un j\u0101re\u0123istr\u0113jas Loterijai:<\/p>\n\n\n\n<ul class=\"wp-block-list\">\n<li>Aizpildot re\u0123istr\u0101cijas veidlapu interneta vietn\u0113 https:\/\/www.mondelezpromo.com\/lv\/. Anket\u0101 j\u0101nor\u0101da v\u0101rds, uzv\u0101rds, pirkuma dokumenta numurs, kur\u0101 redzama vismaz 1 (vienas) loterijas preces ieg\u0101de, dal\u012bbnieka t\u0101lru\u0146a numurs, e-pasta adrese, citi piepras\u012btie rekviz\u012bti. Re\u0123istr\u0101cija ir bez maksas.<\/li>\n\n\n\n<li>Lai piedal\u012btos loterij\u0101, j\u0101aizpilda \u0161\u0101di lauci\u0146i: v\u0101rds, uzv\u0101rds, pirkuma dokumenta numurs un dal\u012bbnieka t\u0101lru\u0146a numurs, e-pasta adrese.<\/li>\n\n\n\n<li>Loterijas norises laik\u0101 t\u0101s organiz\u0113t\u0101js apkopo un apstr\u0101d\u0101 Pre\u010du un pakalpojumu loteriju likum\u0101 paredz\u0113tos personas datus \u2013 v\u0101rdu, uzv\u0101rdu, t\u0101lru\u0146a numuru, e-pasta adresi, dz\u012bvesvietas adresi vai citu Balvas pieg\u0101des adresi. Dati tiek izmantoti, lai identific\u0113tu un pazi\u0146otu Loterijas uzvar\u0113t\u0101ju. Saska\u0146\u0101 ar Pre\u010du un pakalpojumu loteriju organiz\u0113\u0161anas uzraudz\u012bbas un kontroles k\u0101rt\u012bbas 5. punktu loteriju re\u0123istr\u0101cijas datus Loterijas organiz\u0113t\u0101js glab\u0101 5 (piecus) gadus.<\/li>\n\n\n\n<li>Lai nodro\u0161in\u0101tu p\u0113c iesp\u0113jas prec\u012bz\u0101ku Loterijas re\u0123istr\u0101ciju un izvair\u012btos no iesp\u0113jamas datu dubl\u0113\u0161anas, k\u0101 ar\u012b lai p\u0113c iesp\u0113jas prec\u012bz\u0101k noteiktu Loterijas uzvar\u0113t\u0101ju, p\u0101rbaud\u012btu dal\u012bbu Loterij\u0101 un inform\u0113tu par laimestu, Loterijas organiz\u0113t\u0101js l\u016bdz nor\u0101d\u012bt dal\u012bbnieka t\u0101lru\u0146a numuru, e-pasta adresi un pirkuma dokumenta numuru.<\/li>\n<\/ul>\n\n\n\n<p>8.1. Ja loterijas dal\u012bbnieks vair\u0101kas reizes izpilda loterijas nosac\u012bjumus (katrs pirkums j\u0101noform\u0113 ar atsevi\u0161\u0137u pirkuma \u010deku), tad var re\u0123istr\u0113ties vair\u0101kas reizes (katru reizi re\u0123istr\u0113jot atsevi\u0161\u0137us \u010dekus). Vienu un to pa\u0161u e-pasta adresi nevar izmantot, lai balvu (Delfi Plus m\u0113ne\u0161a abonements) laim\u0113tu vair\u0101k nek\u0101 vienu reizi. Loterijas dal\u012bbnieks var laim\u0113t vair\u0101kas balvas, ja katrai balvai izmanto citu e-pasta adresi. Abonements ir sp\u0113k\u0101 tikai jaunam lietot\u0101jam. Ja Loterijas dal\u012bbniekam jau ir der\u012bgs abonements ar nor\u0101d\u012bto e-pastu, laim\u0113tais abonements neb\u016bs der\u012bgs. P\u0113c aktiviz\u0113\u0161anas j\u016bsu abonements b\u016bs der\u012bgs 1 m\u0113nesi. Abonementus var izmantot l\u012bdz 2026. gada j\u016bnijam. Balvu pie\u0161\u0137ir: Delfi AS, D\u0113\u013cu iela 4, R\u012bga, LV-1004 PVN maks. re\u0123. Nr. LV40003504352. Balvas izmanto\u0161anai var tikt piem\u0113roti balvas nodro\u0161in\u0101t\u0101ja (Delfi AS) papildu noteikumi.<br>8.2. Vienam un tam pa\u0161am Loterijas dal\u012bbniekam ir ties\u012bbas neierobe\u017eotu skaitu rei\u017eu laim\u0113t balvu 7Days Croissants Box, ja katrai balvai tiek re\u0123istr\u0113ts atsevi\u0161\u0137s un unik\u0101ls pirkuma \u010deks, kas atbilst Loterijas noteikumiem.<br>8.3. Galven\u0101 balva: Ce\u013cojuma kupons no ce\u013cojumu a\u0123ent\u016bras AirGuru. Kupons uzvar\u0113t\u0101jam dod ties\u012bbas izmantot ce\u013cojumu a\u0123ent\u016bras pied\u0101v\u0101tos pakalpojumus vi\u0146a izv\u0113l\u0113t\u0101 laik\u0101, virzien\u0101 un veid\u0101, neierobe\u017eojot virzienu, datumu vai citus ce\u013cojuma nosac\u012bjumus. Uzvar\u0113t\u0101js pats izlemj, k\u0101 izmantos ce\u013cojuma kuponu (piem\u0113ram, ieg\u0101d\u0101joties ce\u013cojumu paketi, lidojumus, viesn\u012bcu pakalpojumus vai citus AirGuru pied\u0101v\u0101tos t\u016brisma pakalpojumus) atbilsto\u0161i t\u016brisma operatora visp\u0101r\u0113jiem pakalpojumu snieg\u0161anas noteikumiem un k\u0101rt\u012bbai. Organizators iesaka ce\u013cojuma pl\u0101no\u0161anu saist\u012bt ar iesp\u0113ju apmekl\u0113t k\u0101du no 7 pasaules br\u012bnumiem, ta\u010du tas nav oblig\u0101ts nosac\u012bjums, bet gan tikai ieteikums. Kuponu nevar apmain\u012bt pret skaidru naudu vai citu balvu.<br>9. Loterij\u0101 paredz\u0113tas 5 izlozes:<br>10. 3.novembr\u012b tiks izloz\u0113tas balvas: 15 (piecpadsmit) 7Days produktu k\u0101rbas un 1400 (viens t\u016bkstotis \u010detri simti) 1 m\u0113ne\u0161a Delfi abonementi, izloz\u0113 var piedal\u012bties dal\u012bbnieki, kuri re\u0123istr\u0113ju\u0161i pirkumu no 27.oktobra l\u012bdz 2.novembrim plkst. 23.59.<br>11. 10.novembr\u012b tiks izloz\u0113tas balvas: 15 (piecpadsmit) 7Days produktu k\u0101rbas un 1400 (viens t\u016bkstotis \u010detri simti) 1 m\u0113ne\u0161a Delfi abonementi, izloz\u0113 var piedal\u012bties dal\u012bbnieki, kuri re\u0123istr\u0113ju\u0161i pirkumu no 3.novembra l\u012bdz 9.novembrim plkst. 23.59.<br>12. 17.novembr\u012b tiks izloz\u0113tas balvas: 15 (piecpadsmit) 7Days produktu k\u0101rbas un 1400 (viens t\u016bkstotis \u010detri simti) 1 m\u0113ne\u0161a Delfi abonementi, izloz\u0113 var piedal\u012bties dal\u012bbnieki, kuri re\u0123istr\u0113ju\u0161i pirkumu no 10.novembra l\u012bdz 16.novembrim plkst. 23.59.<br>13. 24.novembr\u012b tiks izloz\u0113tas balvas: 15 (piecpadsmit) 7Days produktu k\u0101rbas un 1400 (viens t\u016bkstotis \u010detri simti) 1 m\u0113ne\u0161a Delfi abonementi, izloz\u0113 var piedal\u012bties dal\u012bbnieki, kuri re\u0123istr\u0113ju\u0161i pirkumu no 17.novembra l\u012bdz 23.novembrim plkst. 23.59.<br>14. 2.decembr\u012b tiks izloz\u0113tas balvas: Galven\u0101 balva (ce\u013cojuma kupons 5000.00 (pieci t\u016bksto\u0161i) eiro v\u0113rt\u012bb\u0101, starp visiem dal\u012bbniekiem, kuri re\u0123istr\u0113ja pirkumu no 27.oktobra l\u012bdz 1.decembrim.<br>17 (septi\u0146padsmit) 7Days produktu k\u0101rbas un 1400 (viens t\u016bkstotis \u010detri simti) 1 m\u0113ne\u0161a Delfi abonementi, tiks izloz\u0113ti starp dal\u012bbniekiem, kuri re\u0123istr\u0113ju\u0161i pirkumu no 24.novembra l\u012bdz 1.decembrim plkst. 23.59.<\/p>\n\n\n\n<p>15. Loterijas uzvar\u0113t\u0101ju saraksts tiks public\u0113ts https:\/\/www.mondelezpromo.com\/lv\/ p\u0113c katras izlozes l\u012bdz plkst. 23.59.<br>16. Izlozes notiks plkst. 13.00 SIA Magnet Promotions telp\u0101s Miera iel\u0101 14-17, Salaspil\u012b, LV-2169<br>Izlozes tiks veiktas, izmantojot loterijas programmat\u016bru \u201ePremium\u201d.<br>17. Balvu laim\u0113t\u0101ji par laimestu tiks inform\u0113ti person\u012bgi, nos\u016btot e-pastu uz re\u0123istr\u0101cijas laik\u0101 nor\u0101d\u012bto e\u2011pasta adresi.<br>17.1. Uzvar\u0113t\u0101jiem ir iesp\u0113ja pa\u0161iem sazin\u0101ties ar Loterijas organizatoriem SIA \u201eMagnet Promotions\u201d, rakstot uz e-pastu erika@magnet.lv l\u012bdz 01.01.2026. P\u0113c \u0161\u012b datuma balvas vairs netiks izsniegtas un k\u013c\u016bs par Pre\u010du izplat\u012bt\u0101ja \u012bpa\u0161umu.<br>17.2. 7Days produktu balvas tiks nos\u016bt\u012btas pa pastu. Laim\u0113t\u0101jam uz e-pasta adresi erika@magnet.lv j\u0101nos\u016bta pirkumu apliecino\u0161a dokumenta ar numuru un personu apliecino\u0161a dokumenta (pases\/ID kartes) kopija un Omniva pakom\u0101ta adrese, uz kuru b\u016bs j\u0101s\u016bta balva. Delfi abonements tiks nos\u016bt\u012bts uz laim\u0113t\u0101ja nor\u0101d\u012bto epastu. Galveno balvu nos\u016bt\u012bsim p\u0113c laim\u0113t\u0101ja piepras\u012bjuma. Piepras\u012bjum\u0101 nepiecie\u0161ams ar dro\u0161u elektronisko parakstu parakst\u012bts iesniegums, pirkumu apliecino\u0161a dokumenta ar numuru un personu apliecino\u0161a dokumenta (pases\/ID kartes) kopija. Ja netiks sniegta nepiecie\u0161am\u0101 inform\u0101cija, Balvas netiks izsniegtas.<br>17.3. Ja balvas laim\u0113t\u0101js ir nepilngad\u012bgs, balvu var sa\u0146emt vi\u0146a likumiskais p\u0101rst\u0101vis, uzr\u0101dot balvas laim\u0113t\u0101ja un savu personu apliecino\u0161o dokumentu (pasi vai personas apliec\u012bbu).<br>17.4. Pirkuma dokument\u0101 j\u0101b\u016bt redzamiem datiem, p\u0113c kuriem var identific\u0113t loterijas pre\u010du ieg\u0101di \u2013 pirkuma dokumenta numurs, kuram j\u0101sakr\u012bt ar re\u0123istr\u0113to, loterij\u0101 laim\u0113ju\u0161o numuru, loterijas pre\u010du ieg\u0101des laiks no 2025. gada 27. oktobra l\u012bdz 2025. gada 1. decembrim, k\u0101 ar\u012b loterij\u0101 piedal\u012bju\u0161os pre\u010du nosaukumi.<br>17.1. Balva netiek izsniegta, ja Loterijas laim\u0113t\u0101js:<br>17.1.1. Nevar uzr\u0101d\u012bt \u0161ajos noteikumos nor\u0101d\u012btos personu apliecino\u0161os dokumentus vai \u0161ajos dokumentos nor\u0101d\u012bt\u0101 inform\u0101cija neatbilst re\u0123istr\u0101cijai, kas veikta Loterijas laik\u0101 un kura tika pasludin\u0101ta par uzvar\u0113t\u0101ju;<br>17.1.1. Vienu pirkuma dokumentu re\u0123istr\u0113jis vair\u0101kas reizes;<br>17.1.1. Pirkuma dokumenta numura viet\u0101 ir re\u0123istr\u0113jis jebkuru citu numuru, kas nor\u0101d\u012bts pirkuma dokument\u0101;<br>17.1.1. Re\u0123istr\u0113jis vair\u0101kas skait\u013cu kombin\u0101cijas no viena pirkuma dokumenta, cen\u0161oties palielin\u0101t savas izredzes laim\u0113t;<br>17.1.1.Re\u0123istr\u0113jis viena un t\u0101 pa\u0161a pirkuma dokumenta numuru, aizst\u0101jot t\u0101 simbolus ar l\u012bdz\u012bgiem;<br>17.1.1.Pievienojis pirkuma dokumenta numuram papildu rakstz\u012bmes vai main\u012bjis rakstz\u012bmju kombin\u0101ciju.<br>17.1.1.Ar\u012b jebk\u0101das citas kr\u0101p\u0161anas gad\u012bjum\u0101.<br>18. Visus ar balv\u0101m saist\u012btos nodok\u013cus (ja piem\u0113rojami) maks\u0101 Izplat\u012bt\u0101js vai Loterijas r\u012bkot\u0101js.<br>19. Visas pretenzijas saist\u012bb\u0101 ar Loteriju rakstiski j\u0101s\u016bta Loterijas r\u012bkot\u0101jam \u2013 SIA Magnet Promotions, adrese P\u016bces iela 31-5, R\u012bga, LV-1082, l\u012bdz 01.01.2026. Pretenzijas, kas iesniegtas p\u0113c \u0161\u012b datuma, nerada juridiskas sekas.<br>19.1. Loterijas r\u012bkot\u0101ji izskata pretenziju un atbild uz to 15 (piecpadsmit) dienu laik\u0101 p\u0113c t\u0101s sa\u0146em\u0161anas. Ja Loterijas r\u012bkot\u0101ji pretenziju uzskata par pamatotu, tad sav\u0101 atbild\u0113 nor\u0101da pretenzijas apmierin\u0101\u0161anas k\u0101rt\u012bbu un termi\u0146u.<br>19.2. Loterijas dal\u012bbniekam ir ties\u012bbas ar rakstisku iesniegumu atsaukt savu dal\u012bbu loterij\u0101, nor\u0101dot konkr\u0113t\u0101s loterijas nosaukumu, at\u013caujas numuru un loterijas norises laiku.<br>20. Nobeiguma noteikumi<br>20.1. Loterijas dal\u012bbnieki piekr\u012bt, ka inform\u0101cija un personas dati tiek apstr\u0101d\u0101ti un glab\u0101ti saska\u0146\u0101 ar Latvijas Republikas un Eiropas Savien\u012bbas ties\u012bbu aktiem, kas regul\u0113 personas datu aizsardz\u012bbu.<br>20.2. Loterij\u0101 nedr\u012bkst piedal\u012bties SIA \u201eMondelez Latvija\u201d, UAB \u201eMondelez Baltic\u201d un \u201eMondelez International\u201d uz\u0146\u0113mumu darbinieki un SIA \u201eMagnet Promotions\u201d, UAB Oro Guru, OTA AirGuru O\u00dc, SIA Airguru darbinieki. Ja tiek konstat\u0113ts, ka nor\u0101d\u012bto uz\u0146\u0113mumu darbinieks ir piedal\u012bjies Loterij\u0101, vi\u0146\u0161 nesa\u0146em balvu.<br>20.3. Piedaloties loterij\u0101, dal\u012bbnieki apliecina, ka piekr\u012bt \u0161iem noteikumiem un tam, ka loterijas organiz\u0113t\u0101ji un to pilnvarot\u0101s personas var apstr\u0101d\u0101t un izmantot vi\u0146u datus, lai noteiktu balvas sa\u0146\u0113m\u0113ju, public\u0113tu to vietn\u0113 mondelezpromo.comun izsniegtu laimestus. Datu apstr\u0101des m\u0113r\u0137is ir nodro\u0161in\u0101t loterijas norisi, loterijas balvu laim\u0113t\u0101ju noskaidro\u0161anu un balvu izsnieg\u0161anu.<br>20.4. Loterijas organiz\u0113t\u0101js nav atbild\u012bgs par nevienas personas izdevumiem, kas saist\u012bti ar dal\u012bbu loterij\u0101.<br>20.5. Balvas netiek apmain\u012btas pret naudu vai cit\u0101m prec\u0113m.<br>20.6. Organiz\u0113t\u0101js nav atbild\u012bgs par pakalpojumu snieg\u0161anas p\u0101rtraukumiem tehnisku probl\u0113mu, sist\u0113mas vai programmat\u016bras k\u013c\u016bdu, kav\u0113jumu vai citu probl\u0113mu d\u0113\u013c, kas var ietekm\u0113t dal\u012bbnieku iesp\u0113ju piedal\u012bties loterij\u0101 vai izmantot interneta vietni.<br>20.7. Loterijas r\u012bkot\u0101ji nav atbild\u012bgi par Loterijas dal\u012bbnieku izsl\u0113g\u0161anu no izlozes, k\u0101 ar\u012b par balvas neizsnieg\u0161anu tajos gad\u012bjumos, kad nav iev\u0113roti Loterijas noteikumi vai Loterijas dal\u012bbnieku sniegt\u0101 inform\u0101cija ir nepareiza vai neprec\u012bza, vai ar Loterijas laim\u0113t\u0101jiem nav bijis iesp\u0113jams sazin\u0101ties no Loterijas r\u012bkot\u0101ja neatkar\u012bgu iemeslu d\u0113\u013c.<br>20.8. Loterijas r\u012bkot\u0101ju un Loterijas dal\u012bbnieku ties\u012bbas un pien\u0101kumi ir paredz\u0113ti tikai \u0161ajos Loterijas noteikumos. Rekl\u0101mas materi\u0101los sniegtajai inform\u0101cijai par Loteriju ir tikai informat\u012bvs raksturs.<br>20.9. Loterijas norisi saska\u0146\u0101 ar sp\u0113k\u0101 eso\u0161ajiem noteikumiem nosaka Loterijas r\u012bkot\u0101ji, saska\u0146ojot ar Latvijas Republikas Izlo\u017eu un azartsp\u0113\u013cu uzraudz\u012bbas inspekciju. To izpilde un iev\u0113ro\u0161ana ir oblig\u0101ta visiem Loterijas dal\u012bbniekiem.<br>Izlo\u017eu un azartsp\u0113\u013cu uzraudz\u012bbas inspekcijas apstiprin\u0101tie loterijas noteikumi ir pieejami interneta vietn\u0113 https:\/\/www.mondelezpromo.com\/lv\/.<\/p>\n\n\n\n<hr class=\"wp-block-separator has-alpha-channel-opacity\"\/>\n\n\n\n<p>SIA Magnet Promotions<br>Valdes priek\u0161s\u0113d\u0113t\u0101ja<br>Erika Kokor\u0113vi\u010da<\/p>\n","protected":false},"excerpt":{"rendered":"<p>1. Loterijas pre\u010du izplat\u012bt\u0101js: UAB \u201eMondelez Baltic\u201d, re\u0123istr\u0101cijas Nr. 303046543, juridisk\u0101 adrese: Taikos iela 88, Kau\u0146a, Lietuva, LT51501, turpm\u0101k \u2013 Izplat\u012bt\u0101js.2. Loterijas organiz\u0113t\u0101js: SIA \u201eMagnet Promotions\u201d, re\u0123istr\u0101cijas Nr. 40003639069, juridisk\u0101 adrese: Stopi\u0146u 29, R\u012bga LV-1035, turpm\u0101k \u2013 Loterijas r\u012bkot\u0101js.3. Loterijas norises teritorija: jebkura tirdzniec\u012bbas vieta vis\u0101 Latvijas Republikas teritorij\u0101. Loterij\u0101 var piedal\u012bties ikviens Latvijas Republikas [&hellip;]<\/p>\n","protected":false},"author":1,"featured_media":0,"parent":0,"menu_order":0,"comment_status":"closed","ping_status":"closed","template":"page-home.php","meta":{"_acf_changed":false,"footnotes":""},"class_list":["post-199","page","type-page","status-publish","hentry"],"acf":[],"_links":{"self":[{"href":"https:\/\/mondelezpromo.com\/7days-7wonders-lv\/wp-json\/wp\/v2\/pages\/199","targetHints":{"allow":["GET"]}}],"collection":[{"href":"https:\/\/mondelezpromo.com\/7days-7wonders-lv\/wp-json\/wp\/v2\/pages"}],"about":[{"href":"https:\/\/mondelezpromo.com\/7days-7wonders-lv\/wp-json\/wp\/v2\/types\/page"}],"author":[{"embeddable":true,"href":"https:\/\/mondelezpromo.com\/7days-7wonders-lv\/wp-json\/wp\/v2\/users\/1"}],"replies":[{"embeddable":true,"href":"https:\/\/mondelezpromo.com\/7days-7wonders-lv\/wp-json\/wp\/v2\/comments?post=199"}],"version-history":[{"count":5,"href":"https:\/\/mondelezpromo.com\/7days-7wonders-lv\/wp-json\/wp\/v2\/pages\/199\/revisions"}],"predecessor-version":[{"id":225,"href":"https:\/\/mondelezpromo.com\/7days-7wonders-lv\/wp-json\/wp\/v2\/pages\/199\/revisions\/225"}],"wp:attachment":[{"href":"https:\/\/mondelezpromo.com\/7days-7wonders-lv\/wp-json\/wp\/v2\/media?parent=199"}],"curies":[{"name":"wp","href":"https:\/\/api.w.org\/{rel}","templated":true}]}}